{"id":4827,"date":"2022-07-19T14:10:03","date_gmt":"2022-07-19T14:10:03","guid":{"rendered":"https:\/\/poderegiodo.it\/carlo-e-bianca-ferrini\/"},"modified":"2022-11-17T16:26:39","modified_gmt":"2022-11-17T16:26:39","slug":"carlo-e-bianca-ferrini","status":"publish","type":"page","link":"https:\/\/poderegiodo.it\/de\/carlo-e-bianca-ferrini\/","title":{"rendered":"Carlo e Bianca Ferrini"},"content":{"rendered":"\t\t<div data-elementor-type=\"wp-page\" data-elementor-id=\"4827\" class=\"elementor elementor-4827 elementor-3809\">\n\t\t\t\t\t\t<div class=\"elementor-section elementor-top-section elementor-element elementor-element-49570c07 elementor-section-full_width elementor-section-height-default elementor-section-height-default\" data-id=\"49570c07\" data-element_type=\"section\" data-e-type=\"section\">\n\t\t\t\t\t\t<div class=\"elementor-container elementor-column-gap-no\">\n\t\t\t\t\t<div class=\"elementor-column elementor-col-100 elementor-top-column elementor-element elementor-element-77df9999\" data-id=\"77df9999\" data-element_type=\"column\" data-e-type=\"column\">\n\t\t\t<div class=\"elementor-widget-wrap elementor-element-populated\">\n\t\t\t\t\t\t<div class=\"elementor-element elementor-element-24e3d626 elementor-widget elementor-widget-lastudio-banner\" data-id=\"24e3d626\" data-element_type=\"widget\" data-e-type=\"widget\" data-widget_type=\"lastudio-banner.default\">\n\t\t\t\t<div class=\"elementor-widget-container\">\n\t\t\t\t\t<figure class=\"lastudio-banner la-lazyload-image lastudio-effect-none\" data-background-image=\"https:\/\/poderegiodo.it\/wp-content\/uploads\/2022\/07\/1-Carlo-Ferrini.jpg\"><div class=\"lastudio-banner__overlay\"><\/div><img loading=\"lazy\" decoding=\"async\" src=\"data:image\/gif;base64,R0lGODlhAQABAIAAAP\/\/\/wAAACH5BAEAAAAALAAAAAABAAEAAAICRAEAOw==\" data-src=\"https:\/\/poderegiodo.it\/wp-content\/uploads\/2022\/07\/1-Carlo-Ferrini.jpg\" alt=\"\" loading=\"lazy\" class=\"la-lazyload-image lastudio-banner__img\" width=\"1920\" height=\"1080\" srcset=\"data:image\/gif;base64,R0lGODlhAQABAIAAAP\/\/\/wAAACH5BAEAAAAALAAAAAABAAEAAAICRAEAOw==\"><figcaption class=\"lastudio-banner__content\"><div class=\"lastudio-banner__content-wrap\"><\/div><a href=\"#\" class=\"lastudio-banner__link\"><span class=\"hidden\"><\/span><\/a><\/figcaption><\/figure>\t\t\t\t<\/div>\n\t\t\t\t<\/div>\n\t\t\t\t\t<\/div>\n\t\t<\/div>\n\t\t\t\t\t<\/div>\n\t\t<\/div>\n\t\t\t\t<div class=\"elementor-section elementor-top-section elementor-element elementor-element-56b69365 elementor-section-boxed elementor-section-height-default elementor-section-height-default\" data-id=\"56b69365\" data-element_type=\"section\" data-e-type=\"section\">\n\t\t\t\t\t\t<div class=\"elementor-container elementor-column-gap-no\">\n\t\t\t\t\t<div class=\"elementor-column elementor-col-100 elementor-top-column elementor-element elementor-element-529b6276\" data-id=\"529b6276\" data-element_type=\"column\" data-e-type=\"column\">\n\t\t\t<div class=\"elementor-widget-wrap elementor-element-populated\">\n\t\t\t\t\t\t<div class=\"elementor-element elementor-element-8c25fa5 elementor-invisible elementor-widget elementor-widget-heading\" data-id=\"8c25fa5\" data-element_type=\"widget\" data-e-type=\"widget\" data-settings=\"{&quot;_animation&quot;:&quot;fadeInUp&quot;,&quot;_animation_delay&quot;:300}\" data-widget_type=\"heading.default\">\n\t\t\t\t<div class=\"elementor-widget-container\">\n\t\t\t\t\t<h3 class=\"elementor-heading-title elementor-size-default\">CARLO FERRINI<\/h3>\t\t\t\t<\/div>\n\t\t\t\t<\/div>\n\t\t\t\t<div class=\"elementor-element elementor-element-6ae01cb elementor-widget-divider--view-line elementor-widget elementor-widget-divider\" data-id=\"6ae01cb\" data-element_type=\"widget\" data-e-type=\"widget\" data-widget_type=\"divider.default\">\n\t\t\t\t<div class=\"elementor-widget-container\">\n\t\t\t\t\t\t\t<div class=\"elementor-divider\">\n\t\t\t<span class=\"elementor-divider-separator\">\n\t\t\t\t\t\t<\/span>\n\t\t<\/div>\n\t\t\t\t\t\t<\/div>\n\t\t\t\t<\/div>\n\t\t\t\t<div class=\"elementor-element elementor-element-c846b07 elementor-invisible elementor-widget elementor-widget-text-editor\" data-id=\"c846b07\" data-element_type=\"widget\" data-e-type=\"widget\" data-settings=\"{&quot;_animation&quot;:&quot;fadeInUp&quot;}\" data-widget_type=\"text-editor.default\">\n\t\t\t\t<div class=\"elementor-widget-container\">\n\t\t\t\t\t\t\t\t\t<p>VOM RENOMMIERTEN \u00d6NOLOGEN ZUM PASSIONIERTEN WINZER.<br \/>\nDer Florentiner Carlo Ferrini, Jahrgang 1954, ist einer der bekanntesten \u00d6nologen Italiens. Seit \u00fcber 30 Jahren ist er in ganz Italien im Dienste des Weins t\u00e4tig, vom Trentino bis nach Sizilien, wo er bei vielen Weinen als Geburtshelfer fungiert, darunter auch bei einigen der besten des Landes. 2002 kaufte er eine erste Parzelle Land in Montalcino und so begann eine neue Herausforderung, ein Abenteuer, aber vor allem die Kr\u00f6nung einer Leidenschaft.<\/p>\n\t\t\t\t\t\t\t\t<\/div>\n\t\t\t\t<\/div>\n\t\t\t\t\t<\/div>\n\t\t<\/div>\n\t\t\t\t\t<\/div>\n\t\t<\/div>\n\t\t\t\t<div class=\"elementor-section elementor-top-section elementor-element elementor-element-f29f1b5 elementor-section-full_width elementor-section-height-default elementor-section-height-default\" data-id=\"f29f1b5\" data-element_type=\"section\" data-e-type=\"section\">\n\t\t\t\t\t\t<div class=\"elementor-container elementor-column-gap-no\">\n\t\t\t\t\t<div class=\"elementor-column elementor-col-100 elementor-top-column elementor-element elementor-element-84fd6d2\" data-id=\"84fd6d2\" data-element_type=\"column\" data-e-type=\"column\">\n\t\t\t<div class=\"elementor-widget-wrap elementor-element-populated\">\n\t\t\t\t\t\t<div class=\"elementor-element elementor-element-5bf0dc5 elementor-widget elementor-widget-lastudio-banner\" data-id=\"5bf0dc5\" data-element_type=\"widget\" data-e-type=\"widget\" data-widget_type=\"lastudio-banner.default\">\n\t\t\t\t<div class=\"elementor-widget-container\">\n\t\t\t\t\t<figure class=\"lastudio-banner la-lazyload-image lastudio-effect-none\" data-background-image=\"https:\/\/poderegiodo.it\/wp-content\/uploads\/2022\/07\/2-Bianca-Ferrini.jpg\"><div class=\"lastudio-banner__overlay\"><\/div><img loading=\"lazy\" decoding=\"async\" src=\"data:image\/gif;base64,R0lGODlhAQABAIAAAP\/\/\/wAAACH5BAEAAAAALAAAAAABAAEAAAICRAEAOw==\" data-src=\"https:\/\/poderegiodo.it\/wp-content\/uploads\/2022\/07\/2-Bianca-Ferrini.jpg\" alt=\"\" loading=\"lazy\" class=\"la-lazyload-image lastudio-banner__img\" width=\"1920\" height=\"1080\" srcset=\"data:image\/gif;base64,R0lGODlhAQABAIAAAP\/\/\/wAAACH5BAEAAAAALAAAAAABAAEAAAICRAEAOw==\"><figcaption class=\"lastudio-banner__content\"><div class=\"lastudio-banner__content-wrap\"><\/div><\/span><\/a><\/figcaption><\/figure>\t\t\t\t<\/div>\n\t\t\t\t<\/div>\n\t\t\t\t\t<\/div>\n\t\t<\/div>\n\t\t\t\t\t<\/div>\n\t\t<\/div>\n\t\t\t\t<div class=\"elementor-section elementor-top-section elementor-element elementor-element-c7c37a0 elementor-section-boxed elementor-section-height-default elementor-section-height-default\" data-id=\"c7c37a0\" data-element_type=\"section\" data-e-type=\"section\">\n\t\t\t\t\t\t<div class=\"elementor-container elementor-column-gap-no\">\n\t\t\t\t\t<div class=\"elementor-column elementor-col-100 elementor-top-column elementor-element elementor-element-b4dee0f\" data-id=\"b4dee0f\" data-element_type=\"column\" data-e-type=\"column\">\n\t\t\t<div class=\"elementor-widget-wrap elementor-element-populated\">\n\t\t\t\t\t\t<div class=\"elementor-element elementor-element-e2ffab2 elementor-invisible elementor-widget elementor-widget-heading\" data-id=\"e2ffab2\" data-element_type=\"widget\" data-e-type=\"widget\" data-settings=\"{&quot;_animation&quot;:&quot;fadeInUp&quot;,&quot;_animation_delay&quot;:300}\" data-widget_type=\"heading.default\">\n\t\t\t\t<div class=\"elementor-widget-container\">\n\t\t\t\t\t<h3 class=\"elementor-heading-title elementor-size-default\">VOM VATER AUF DIE TOCHTER <\/h3>\t\t\t\t<\/div>\n\t\t\t\t<\/div>\n\t\t\t\t<div class=\"elementor-element elementor-element-0c19eeb elementor-widget-divider--view-line elementor-widget elementor-widget-divider\" data-id=\"0c19eeb\" data-element_type=\"widget\" data-e-type=\"widget\" data-widget_type=\"divider.default\">\n\t\t\t\t<div class=\"elementor-widget-container\">\n\t\t\t\t\t\t\t<div class=\"elementor-divider\">\n\t\t\t<span class=\"elementor-divider-separator\">\n\t\t\t\t\t\t<\/span>\n\t\t<\/div>\n\t\t\t\t\t\t<\/div>\n\t\t\t\t<\/div>\n\t\t\t\t<div class=\"elementor-element elementor-element-9c69b0e elementor-invisible elementor-widget elementor-widget-text-editor\" data-id=\"9c69b0e\" data-element_type=\"widget\" data-e-type=\"widget\" data-settings=\"{&quot;_animation&quot;:&quot;fadeInUp&quot;}\" data-widget_type=\"text-editor.default\">\n\t\t\t\t<div class=\"elementor-widget-container\">\n\t\t\t\t\t\t\t\t\t<p>WEITERGABE EINER PASSION.<br \/>\nDie Geheimnisse des Weinbergs und des Kellers von Generation zu Generation weiterzugeben, geh\u00f6rt zu den Bestrebungen eines jeden Weinproduzenten. Das gilt auch f\u00fcr Carlo Ferrini. Erbin seiner Leidenschaft ist seine Tochter Bianca. Knapp \u00fcber drei\u00dfig, mit einer Vergangenheit als Wasserballspielerin und einer Ausbildung in der Landwirtschaft in Italien und im Marketing in den USA, stellt sie sich heute allen t\u00e4glichen Herausforderungen um die Weine von Giodo. Und seit dem Jahr 2020 wird das kleine Familien-Team im Weinberg und im Weinkeller unterst\u00fctzt von Riccardo Ferrari, Lombarde von Geburt, Toskaner aus Liebe<\/p>\n\t\t\t\t\t\t\t\t<\/div>\n\t\t\t\t<\/div>\n\t\t\t\t\t<\/div>\n\t\t<\/div>\n\t\t\t\t\t<\/div>\n\t\t<\/div>\n\t\t\t\t<div class=\"elementor-section elementor-top-section elementor-element elementor-element-e463f1c elementor-section-full_width elementor-section-height-default elementor-section-height-default\" data-id=\"e463f1c\" data-element_type=\"section\" data-e-type=\"section\">\n\t\t\t\t\t\t<div class=\"elementor-container elementor-column-gap-no\">\n\t\t\t\t\t<div class=\"elementor-column elementor-col-100 elementor-top-column elementor-element elementor-element-92715da\" data-id=\"92715da\" data-element_type=\"column\" data-e-type=\"column\">\n\t\t\t<div class=\"elementor-widget-wrap elementor-element-populated\">\n\t\t\t\t\t\t<div class=\"elementor-element elementor-element-af0593b elementor-widget elementor-widget-lastudio-banner\" data-id=\"af0593b\" data-element_type=\"widget\" data-e-type=\"widget\" data-widget_type=\"lastudio-banner.default\">\n\t\t\t\t<div class=\"elementor-widget-container\">\n\t\t\t\t\t<figure class=\"lastudio-banner la-lazyload-image lastudio-effect-none\" data-background-image=\"https:\/\/poderegiodo.it\/wp-content\/uploads\/2022\/07\/3-Carlo-Ferrini-e-Bianca-ferrini.jpg\"><div class=\"lastudio-banner__overlay\"><\/div><img loading=\"lazy\" decoding=\"async\" src=\"data:image\/gif;base64,R0lGODlhAQABAIAAAP\/\/\/wAAACH5BAEAAAAALAAAAAABAAEAAAICRAEAOw==\" data-src=\"https:\/\/poderegiodo.it\/wp-content\/uploads\/2022\/07\/3-Carlo-Ferrini-e-Bianca-ferrini.jpg\" alt=\"\" loading=\"lazy\" class=\"la-lazyload-image lastudio-banner__img\" width=\"1920\" height=\"1080\" srcset=\"data:image\/gif;base64,R0lGODlhAQABAIAAAP\/\/\/wAAACH5BAEAAAAALAAAAAABAAEAAAICRAEAOw==\"><figcaption class=\"lastudio-banner__content\"><div class=\"lastudio-banner__content-wrap\"><\/div><\/span><\/a><\/figcaption><\/figure>\t\t\t\t<\/div>\n\t\t\t\t<\/div>\n\t\t\t\t\t<\/div>\n\t\t<\/div>\n\t\t\t\t\t<\/div>\n\t\t<\/div>\n\t\t\t\t<\/div>\n\t\t","protected":false},"excerpt":{"rendered":"<p>CARLO FERRINI VOM RENOMMIERTEN \u00d6NOLOGEN ZUM PASSIONIERTEN WINZER. Der Florentiner Carlo Ferrini, Jahrgang 1954, ist einer der bekanntesten \u00d6nologen Italiens. Seit \u00fcber 30 Jahren ist er in ganz Italien im Dienste des Weins t\u00e4tig, vom Trentino bis [&hellip;]<\/p>\n","protected":false},"author":1,"featured_media":0,"parent":0,"menu_order":0,"comment_status":"closed","ping_status":"closed","template":"","meta":{"footnotes":""},"class_list":["post-4827","page","type-page","status-publish","hentry"],"_links":{"self":[{"href":"https:\/\/poderegiodo.it\/de\/wp-json\/wp\/v2\/pages\/4827","targetHints":{"allow":["GET"]}}],"collection":[{"href":"https:\/\/poderegiodo.it\/de\/wp-json\/wp\/v2\/pages"}],"about":[{"href":"https:\/\/poderegiodo.it\/de\/wp-json\/wp\/v2\/types\/page"}],"author":[{"embeddable":true,"href":"https:\/\/poderegiodo.it\/de\/wp-json\/wp\/v2\/users\/1"}],"replies":[{"embeddable":true,"href":"https:\/\/poderegiodo.it\/de\/wp-json\/wp\/v2\/comments?post=4827"}],"version-history":[{"count":1,"href":"https:\/\/poderegiodo.it\/de\/wp-json\/wp\/v2\/pages\/4827\/revisions"}],"predecessor-version":[{"id":4828,"href":"https:\/\/poderegiodo.it\/de\/wp-json\/wp\/v2\/pages\/4827\/revisions\/4828"}],"wp:attachment":[{"href":"https:\/\/poderegiodo.it\/de\/wp-json\/wp\/v2\/media?parent=4827"}],"curies":[{"name":"wp","href":"https:\/\/api.w.org\/{rel}","templated":true}]}}