{"id":4840,"date":"2022-07-18T15:50:26","date_gmt":"2022-07-18T15:50:26","guid":{"rendered":"https:\/\/poderegiodo.it\/weinkeller\/"},"modified":"2022-11-23T11:51:33","modified_gmt":"2022-11-23T11:51:33","slug":"weinkeller","status":"publish","type":"page","link":"https:\/\/poderegiodo.it\/de\/weinkeller\/","title":{"rendered":"WEINKELLER"},"content":{"rendered":"\t\t<div data-elementor-type=\"wp-page\" data-elementor-id=\"4840\" class=\"elementor elementor-4840 elementor-3770\">\n\t\t\t\t\t\t<div class=\"elementor-section elementor-top-section elementor-element elementor-element-49570c07 elementor-section-full_width elementor-section-height-default elementor-section-height-default\" data-id=\"49570c07\" data-element_type=\"section\" data-e-type=\"section\">\n\t\t\t\t\t\t<div class=\"elementor-container elementor-column-gap-no\">\n\t\t\t\t\t<div class=\"elementor-column elementor-col-100 elementor-top-column elementor-element elementor-element-77df9999\" data-id=\"77df9999\" data-element_type=\"column\" data-e-type=\"column\">\n\t\t\t<div class=\"elementor-widget-wrap elementor-element-populated\">\n\t\t\t\t\t\t<div class=\"elementor-element elementor-element-24e3d626 elementor-widget elementor-widget-lastudio-banner\" data-id=\"24e3d626\" data-element_type=\"widget\" data-e-type=\"widget\" data-widget_type=\"lastudio-banner.default\">\n\t\t\t\t<div class=\"elementor-widget-container\">\n\t\t\t\t\t<figure class=\"lastudio-banner la-lazyload-image lastudio-effect-none\" data-background-image=\"https:\/\/poderegiodo.it\/wp-content\/uploads\/2022\/07\/Montalcino-Giodo-Cantina-1.jpg\"><div class=\"lastudio-banner__overlay\"><\/div><img loading=\"lazy\" decoding=\"async\" src=\"data:image\/gif;base64,R0lGODlhAQABAIAAAP\/\/\/wAAACH5BAEAAAAALAAAAAABAAEAAAICRAEAOw==\" data-src=\"https:\/\/poderegiodo.it\/wp-content\/uploads\/2022\/07\/Montalcino-Giodo-Cantina-1.jpg\" alt=\"\" loading=\"lazy\" class=\"la-lazyload-image lastudio-banner__img\" width=\"1920\" height=\"1080\" srcset=\"data:image\/gif;base64,R0lGODlhAQABAIAAAP\/\/\/wAAACH5BAEAAAAALAAAAAABAAEAAAICRAEAOw==\"><figcaption class=\"lastudio-banner__content\"><div class=\"lastudio-banner__content-wrap\"><h5 class=\"lastudio-banner__title\">WEINKELLER<\/h5><\/div><a href=\"#\" class=\"lastudio-banner__link\"><span class=\"hidden\">WEINKELLER<\/span><\/a><\/figcaption><\/figure>\t\t\t\t<\/div>\n\t\t\t\t<\/div>\n\t\t\t\t\t<\/div>\n\t\t<\/div>\n\t\t\t\t\t<\/div>\n\t\t<\/div>\n\t\t\t\t<div class=\"elementor-section elementor-top-section elementor-element elementor-element-56b69365 elementor-section-boxed elementor-section-height-default elementor-section-height-default\" data-id=\"56b69365\" data-element_type=\"section\" data-e-type=\"section\">\n\t\t\t\t\t\t<div class=\"elementor-container elementor-column-gap-no\">\n\t\t\t\t\t<div class=\"elementor-column elementor-col-100 elementor-top-column elementor-element elementor-element-529b6276\" data-id=\"529b6276\" data-element_type=\"column\" data-e-type=\"column\">\n\t\t\t<div class=\"elementor-widget-wrap elementor-element-populated\">\n\t\t\t\t\t\t<div class=\"elementor-element elementor-element-8c25fa5 elementor-invisible elementor-widget elementor-widget-heading\" data-id=\"8c25fa5\" data-element_type=\"widget\" data-e-type=\"widget\" data-settings=\"{&quot;_animation&quot;:&quot;fadeInUp&quot;,&quot;_animation_delay&quot;:300}\" data-widget_type=\"heading.default\">\n\t\t\t\t<div class=\"elementor-widget-container\">\n\t\t\t\t\t<h3 class=\"elementor-heading-title elementor-size-default\">DAS ZUHAUSE VON GIODO<\/h3>\t\t\t\t<\/div>\n\t\t\t\t<\/div>\n\t\t\t\t<div class=\"elementor-element elementor-element-6ae01cb elementor-widget-divider--view-line elementor-widget elementor-widget-divider\" data-id=\"6ae01cb\" data-element_type=\"widget\" data-e-type=\"widget\" data-widget_type=\"divider.default\">\n\t\t\t\t<div class=\"elementor-widget-container\">\n\t\t\t\t\t\t\t<div class=\"elementor-divider\">\n\t\t\t<span class=\"elementor-divider-separator\">\n\t\t\t\t\t\t<\/span>\n\t\t<\/div>\n\t\t\t\t\t\t<\/div>\n\t\t\t\t<\/div>\n\t\t\t\t<div class=\"elementor-element elementor-element-c846b07 elementor-invisible elementor-widget elementor-widget-text-editor\" data-id=\"c846b07\" data-element_type=\"widget\" data-e-type=\"widget\" data-settings=\"{&quot;_animation&quot;:&quot;fadeInUp&quot;}\" data-widget_type=\"text-editor.default\">\n\t\t\t\t<div class=\"elementor-widget-container\">\n\t\t\t\t\t\t\t\t\t<p>Der Weinkeller wurde teilweise unterirdisch gebaut und integriert sich perfekt in die umliegende Landschaft. Aus den bei der Ausschachtung gesammelten Steinen wurde die Au\u00dfenmauer errichtet und aus einem speziellen Schlitz entlang dieser Mauer, kann man <strong>Sant\u2019Angelo in Colle<\/strong> sehen. Der Garten, der die Besucher willkommen hei\u00dft, ist ein kleines Paradies mit Blumen und Gew\u00fcrzpflanzen. Ein Ort der absoluten Harmonie, der im Inneren, seit der Weinlese 2021, die Trauben willkommen hei\u00dft.<\/p>\t\t\t\t\t\t\t\t<\/div>\n\t\t\t\t<\/div>\n\t\t\t\t\t<\/div>\n\t\t<\/div>\n\t\t\t\t\t<\/div>\n\t\t<\/div>\n\t\t\t\t<div class=\"elementor-section elementor-top-section elementor-element elementor-element-9241edb elementor-section-full_width elementor-section-height-default elementor-section-height-default\" data-id=\"9241edb\" data-element_type=\"section\" data-e-type=\"section\">\n\t\t\t\t\t\t<div class=\"elementor-container elementor-column-gap-no\">\n\t\t\t\t\t<div class=\"elementor-column elementor-col-100 elementor-top-column elementor-element elementor-element-b6d4e07\" data-id=\"b6d4e07\" data-element_type=\"column\" data-e-type=\"column\">\n\t\t\t<div class=\"elementor-widget-wrap elementor-element-populated\">\n\t\t\t\t\t\t<div class=\"elementor-element elementor-element-471946c elementor-widget elementor-widget-lastudio-banner\" data-id=\"471946c\" data-element_type=\"widget\" data-e-type=\"widget\" data-widget_type=\"lastudio-banner.default\">\n\t\t\t\t<div class=\"elementor-widget-container\">\n\t\t\t\t\t<figure class=\"lastudio-banner la-lazyload-image lastudio-effect-none\" data-background-image=\"https:\/\/poderegiodo.it\/wp-content\/uploads\/2022\/07\/Montalcino-Giodo-Cantina-2.jpg\"><div class=\"lastudio-banner__overlay\"><\/div><img loading=\"lazy\" decoding=\"async\" src=\"data:image\/gif;base64,R0lGODlhAQABAIAAAP\/\/\/wAAACH5BAEAAAAALAAAAAABAAEAAAICRAEAOw==\" data-src=\"https:\/\/poderegiodo.it\/wp-content\/uploads\/2022\/07\/Montalcino-Giodo-Cantina-2.jpg\" alt=\"\" loading=\"lazy\" class=\"la-lazyload-image lastudio-banner__img\" width=\"1920\" height=\"1080\" srcset=\"data:image\/gif;base64,R0lGODlhAQABAIAAAP\/\/\/wAAACH5BAEAAAAALAAAAAABAAEAAAICRAEAOw==\"><figcaption class=\"lastudio-banner__content\"><div class=\"lastudio-banner__content-wrap\"><\/div><\/span><\/a><\/figcaption><\/figure>\t\t\t\t<\/div>\n\t\t\t\t<\/div>\n\t\t\t\t\t<\/div>\n\t\t<\/div>\n\t\t\t\t\t<\/div>\n\t\t<\/div>\n\t\t\t\t<div class=\"elementor-section elementor-top-section elementor-element elementor-element-c7c37a0 elementor-section-boxed elementor-section-height-default elementor-section-height-default\" data-id=\"c7c37a0\" data-element_type=\"section\" data-e-type=\"section\">\n\t\t\t\t\t\t<div class=\"elementor-container elementor-column-gap-no\">\n\t\t\t\t\t<div class=\"elementor-column elementor-col-100 elementor-top-column elementor-element elementor-element-b4dee0f\" data-id=\"b4dee0f\" data-element_type=\"column\" data-e-type=\"column\">\n\t\t\t<div class=\"elementor-widget-wrap elementor-element-populated\">\n\t\t\t\t\t\t<div class=\"elementor-element elementor-element-e2ffab2 elementor-invisible elementor-widget elementor-widget-heading\" data-id=\"e2ffab2\" data-element_type=\"widget\" data-e-type=\"widget\" data-settings=\"{&quot;_animation&quot;:&quot;fadeInUp&quot;,&quot;_animation_delay&quot;:300}\" data-widget_type=\"heading.default\">\n\t\t\t\t<div class=\"elementor-widget-container\">\n\t\t\t\t\t<h3 class=\"elementor-heading-title elementor-size-default\">SORGFALT UND WEISHEIT<\/h3>\t\t\t\t<\/div>\n\t\t\t\t<\/div>\n\t\t\t\t<div class=\"elementor-element elementor-element-0c19eeb elementor-widget-divider--view-line elementor-widget elementor-widget-divider\" data-id=\"0c19eeb\" data-element_type=\"widget\" data-e-type=\"widget\" data-widget_type=\"divider.default\">\n\t\t\t\t<div class=\"elementor-widget-container\">\n\t\t\t\t\t\t\t<div class=\"elementor-divider\">\n\t\t\t<span class=\"elementor-divider-separator\">\n\t\t\t\t\t\t<\/span>\n\t\t<\/div>\n\t\t\t\t\t\t<\/div>\n\t\t\t\t<\/div>\n\t\t\t\t<div class=\"elementor-element elementor-element-9c69b0e elementor-invisible elementor-widget elementor-widget-text-editor\" data-id=\"9c69b0e\" data-element_type=\"widget\" data-e-type=\"widget\" data-settings=\"{&quot;_animation&quot;:&quot;fadeInUp&quot;}\" data-widget_type=\"text-editor.default\">\n\t\t\t\t<div class=\"elementor-widget-container\">\n\t\t\t\t\t\t\t\t\t<p>Es fehlt an nichts, was n\u00f6tig ist, um perfekt gesunde und charaktervolle Trauben als edle Weine auf die Flasche zu f\u00fcllen. Jede einzelne Geste, die zur Entstehung von Giodo und La Quinta f\u00fchrt, wird mit Sorgfalt und Knowhow ausgef\u00fchrt. Nach der manuellen Selektion auf dem Sortiertisch fallen die Trauben mittels Schwerkraft in die Stahltanks, wo die erste Phase der Vinifikation stattfindet.<br \/>\nDer Brunello reift in franz\u00f6sischem Holz, La Quinta teilweise auch in Cocciopesto-Amphoren und l\u00e4sst Raum f\u00fcr schmeichelnde Aromen und die Frische roter Fr\u00fcchte. Abschlie\u00dfend eine letzte Passage in Betonbeh\u00e4ltern und Terrakotta-Amphoren, bevor die Weine abgef\u00fcllt und auf den Flaschen verfeinert werden.<\/p>\n\t\t\t\t\t\t\t\t<\/div>\n\t\t\t\t<\/div>\n\t\t\t\t\t<\/div>\n\t\t<\/div>\n\t\t\t\t\t<\/div>\n\t\t<\/div>\n\t\t\t\t<div class=\"elementor-section elementor-top-section elementor-element elementor-element-e463f1c elementor-section-full_width elementor-section-height-default elementor-section-height-default\" data-id=\"e463f1c\" data-element_type=\"section\" data-e-type=\"section\">\n\t\t\t\t\t\t<div class=\"elementor-container elementor-column-gap-no\">\n\t\t\t\t\t<div class=\"elementor-column elementor-col-100 elementor-top-column elementor-element elementor-element-92715da\" data-id=\"92715da\" data-element_type=\"column\" data-e-type=\"column\">\n\t\t\t<div class=\"elementor-widget-wrap elementor-element-populated\">\n\t\t\t\t\t\t<div class=\"elementor-element elementor-element-af0593b elementor-widget elementor-widget-lastudio-banner\" data-id=\"af0593b\" data-element_type=\"widget\" data-e-type=\"widget\" data-widget_type=\"lastudio-banner.default\">\n\t\t\t\t<div class=\"elementor-widget-container\">\n\t\t\t\t\t<figure class=\"lastudio-banner la-lazyload-image lastudio-effect-none\" data-background-image=\"https:\/\/poderegiodo.it\/wp-content\/uploads\/2022\/07\/Giodo-Cantina-vino-montalcino3.jpg\"><div class=\"lastudio-banner__overlay\"><\/div><img loading=\"lazy\" decoding=\"async\" src=\"data:image\/gif;base64,R0lGODlhAQABAIAAAP\/\/\/wAAACH5BAEAAAAALAAAAAABAAEAAAICRAEAOw==\" data-src=\"https:\/\/poderegiodo.it\/wp-content\/uploads\/2022\/07\/Giodo-Cantina-vino-montalcino3.jpg\" alt=\"\" loading=\"lazy\" class=\"la-lazyload-image lastudio-banner__img\" width=\"1920\" height=\"1080\" srcset=\"data:image\/gif;base64,R0lGODlhAQABAIAAAP\/\/\/wAAACH5BAEAAAAALAAAAAABAAEAAAICRAEAOw==\"><figcaption class=\"lastudio-banner__content\"><div class=\"lastudio-banner__content-wrap\"><\/div><\/span><\/a><\/figcaption><\/figure>\t\t\t\t<\/div>\n\t\t\t\t<\/div>\n\t\t\t\t\t<\/div>\n\t\t<\/div>\n\t\t\t\t\t<\/div>\n\t\t<\/div>\n\t\t\t\t<div class=\"elementor-section elementor-top-section elementor-element elementor-element-ae39fa3 elementor-section-boxed elementor-section-height-default elementor-section-height-default\" data-id=\"ae39fa3\" data-element_type=\"section\" data-e-type=\"section\">\n\t\t\t\t\t\t<div class=\"elementor-container elementor-column-gap-no\">\n\t\t\t\t\t<div class=\"elementor-column elementor-col-100 elementor-top-column elementor-element elementor-element-1633378\" data-id=\"1633378\" data-element_type=\"column\" data-e-type=\"column\">\n\t\t\t<div class=\"elementor-widget-wrap elementor-element-populated\">\n\t\t\t\t\t\t<div class=\"elementor-element elementor-element-48b2bfe elementor-invisible elementor-widget elementor-widget-heading\" data-id=\"48b2bfe\" data-element_type=\"widget\" data-e-type=\"widget\" data-settings=\"{&quot;_animation&quot;:&quot;fadeInUp&quot;,&quot;_animation_delay&quot;:300}\" data-widget_type=\"heading.default\">\n\t\t\t\t<div class=\"elementor-widget-container\">\n\t\t\t\t\t<h3 class=\"elementor-heading-title elementor-size-default\">GALLERY<\/h3>\t\t\t\t<\/div>\n\t\t\t\t<\/div>\n\t\t\t\t<div class=\"elementor-element elementor-element-e78575e elementor-widget-divider--view-line elementor-widget elementor-widget-divider\" data-id=\"e78575e\" data-element_type=\"widget\" data-e-type=\"widget\" data-widget_type=\"divider.default\">\n\t\t\t\t<div class=\"elementor-widget-container\">\n\t\t\t\t\t\t\t<div class=\"elementor-divider\">\n\t\t\t<span class=\"elementor-divider-separator\">\n\t\t\t\t\t\t<\/span>\n\t\t<\/div>\n\t\t\t\t\t\t<\/div>\n\t\t\t\t<\/div>\n\t\t\t\t\t<\/div>\n\t\t<\/div>\n\t\t\t\t\t<\/div>\n\t\t<\/div>\n\t\t\t\t<div class=\"elementor-section elementor-top-section elementor-element elementor-element-192b686 elementor-section-full_width elementor-section-height-default elementor-section-height-default\" data-id=\"192b686\" data-element_type=\"section\" data-e-type=\"section\">\n\t\t\t\t\t\t<div class=\"elementor-container elementor-column-gap-no\">\n\t\t\t\t\t<div class=\"elementor-column elementor-col-100 elementor-top-column elementor-element elementor-element-2712462\" data-id=\"2712462\" data-element_type=\"column\" data-e-type=\"column\">\n\t\t\t<div class=\"elementor-widget-wrap elementor-element-populated\">\n\t\t\t\t\t\t<div class=\"elementor-element elementor-element-baf68f4 imagelayout-preset-default elementor-widget elementor-widget-lastudio-images-layout\" data-id=\"baf68f4\" data-element_type=\"widget\" data-e-type=\"widget\" data-widget_type=\"lastudio-images-layout.default\">\n\t\t\t\t<div class=\"elementor-widget-container\">\n\t\t\t\t\t\n<div class=\"lastudio-images-layout layout-type-grid\" style=\"--elm-slide-item: 4\">\n\t<div class=\"lastudio-images-layout__list grid-items block-grid-4 laptop-block-grid-4 tablet-block-grid-4 mobile-block-grid-4 xmobile-block-grid-2\" >\n<div class=\" grid-item lastudio-images-layout__item\">\n\t<div class=\"lastudio-images-layout__inner\">\n\t\t<a class=\"lastudio-images-layout__link\" href=\"http:\/\/poderegiodo.it\/wp-content\/uploads\/2022\/07\/Podere-Giodo-Cantina-A1.jpg\" data-elementor-open-lightbox=\"yes\" data-elementor-lightbox-slideshow=\"baf68f4\">\n\t\t\t<div class=\"lastudio-images-layout__image\"><img loading=\"lazy\" decoding=\"async\" src=\"https:\/\/poderegiodo.it\/wp-content\/uploads\/2022\/07\/Podere-Giodo-Cantina-A1.jpg\" data-src=\"https:\/\/poderegiodo.it\/wp-content\/uploads\/2022\/07\/Podere-Giodo-Cantina-A1.jpg\" alt=\"\" loading=\"lazy\" class=\"lastudio-images-layout__image-instance\" width=\"800\" height=\"800\" srcset=\"https:\/\/poderegiodo.it\/wp-content\/uploads\/2022\/07\/Podere-Giodo-Cantina-A1.jpg\" style=\"--img-height:800px\">\t\t\t<\/div>\n\t\t\t<div class=\"lastudio-images-layout__content\"><\/div>\n\t\t<\/a>\n\t<\/div>\n<\/div><div class=\" grid-item lastudio-images-layout__item\">\n\t<div class=\"lastudio-images-layout__inner\">\n\t\t<a class=\"lastudio-images-layout__link\" href=\"http:\/\/poderegiodo.it\/wp-content\/uploads\/2022\/07\/Podere-giodo-Cantina-A2.jpg\" data-elementor-open-lightbox=\"yes\" data-elementor-lightbox-slideshow=\"baf68f4\">\n\t\t\t<div class=\"lastudio-images-layout__image\"><img loading=\"lazy\" decoding=\"async\" src=\"https:\/\/poderegiodo.it\/wp-content\/uploads\/2022\/07\/Podere-giodo-Cantina-A2.jpg\" data-src=\"https:\/\/poderegiodo.it\/wp-content\/uploads\/2022\/07\/Podere-giodo-Cantina-A2.jpg\" alt=\"\" loading=\"lazy\" class=\"lastudio-images-layout__image-instance\" width=\"800\" height=\"800\" srcset=\"https:\/\/poderegiodo.it\/wp-content\/uploads\/2022\/07\/Podere-giodo-Cantina-A2.jpg\" style=\"--img-height:800px\">\t\t\t<\/div>\n\t\t\t<div class=\"lastudio-images-layout__content\"><\/div>\n\t\t<\/a>\n\t<\/div>\n<\/div><div class=\" grid-item lastudio-images-layout__item\">\n\t<div class=\"lastudio-images-layout__inner\">\n\t\t<a class=\"lastudio-images-layout__link\" href=\"http:\/\/poderegiodo.it\/wp-content\/uploads\/2022\/07\/Giodo-montalcino-Cantina-A3.jpg\" data-elementor-open-lightbox=\"yes\" data-elementor-lightbox-slideshow=\"baf68f4\">\n\t\t\t<div class=\"lastudio-images-layout__image\"><img loading=\"lazy\" decoding=\"async\" src=\"https:\/\/poderegiodo.it\/wp-content\/uploads\/2022\/07\/Giodo-montalcino-Cantina-A3.jpg\" data-src=\"https:\/\/poderegiodo.it\/wp-content\/uploads\/2022\/07\/Giodo-montalcino-Cantina-A3.jpg\" alt=\"\" loading=\"lazy\" class=\"lastudio-images-layout__image-instance\" width=\"800\" height=\"800\" srcset=\"https:\/\/poderegiodo.it\/wp-content\/uploads\/2022\/07\/Giodo-montalcino-Cantina-A3.jpg\" style=\"--img-height:800px\">\t\t\t<\/div>\n\t\t\t<div class=\"lastudio-images-layout__content\"><\/div>\n\t\t<\/a>\n\t<\/div>\n<\/div><div class=\" grid-item lastudio-images-layout__item\">\n\t<div class=\"lastudio-images-layout__inner\">\n\t\t<a class=\"lastudio-images-layout__link\" href=\"http:\/\/poderegiodo.it\/wp-content\/uploads\/2022\/07\/Giodo-Cantina-A4.jpg\" data-elementor-open-lightbox=\"yes\" data-elementor-lightbox-slideshow=\"baf68f4\">\n\t\t\t<div class=\"lastudio-images-layout__image\"><img loading=\"lazy\" decoding=\"async\" src=\"https:\/\/poderegiodo.it\/wp-content\/uploads\/2022\/07\/Giodo-Cantina-A4.jpg\" data-src=\"https:\/\/poderegiodo.it\/wp-content\/uploads\/2022\/07\/Giodo-Cantina-A4.jpg\" alt=\"\" loading=\"lazy\" class=\"lastudio-images-layout__image-instance\" width=\"800\" height=\"800\" srcset=\"https:\/\/poderegiodo.it\/wp-content\/uploads\/2022\/07\/Giodo-Cantina-A4.jpg\" style=\"--img-height:800px\">\t\t\t<\/div>\n\t\t\t<div class=\"lastudio-images-layout__content\"><\/div>\n\t\t<\/a>\n\t<\/div>\n<\/div><div class=\" grid-item lastudio-images-layout__item\">\n\t<div class=\"lastudio-images-layout__inner\">\n\t\t<a class=\"lastudio-images-layout__link\" href=\"http:\/\/poderegiodo.it\/wp-content\/uploads\/2022\/07\/Giodo-toscana-Cantina-A5.jpg\" data-elementor-open-lightbox=\"yes\" data-elementor-lightbox-slideshow=\"baf68f4\">\n\t\t\t<div class=\"lastudio-images-layout__image\"><img loading=\"lazy\" decoding=\"async\" src=\"https:\/\/poderegiodo.it\/wp-content\/uploads\/2022\/07\/Giodo-toscana-Cantina-A5.jpg\" data-src=\"https:\/\/poderegiodo.it\/wp-content\/uploads\/2022\/07\/Giodo-toscana-Cantina-A5.jpg\" alt=\"\" loading=\"lazy\" class=\"lastudio-images-layout__image-instance\" width=\"800\" height=\"800\" srcset=\"https:\/\/poderegiodo.it\/wp-content\/uploads\/2022\/07\/Giodo-toscana-Cantina-A5.jpg\" style=\"--img-height:800px\">\t\t\t<\/div>\n\t\t\t<div class=\"lastudio-images-layout__content\"><\/div>\n\t\t<\/a>\n\t<\/div>\n<\/div><div class=\" grid-item lastudio-images-layout__item\">\n\t<div class=\"lastudio-images-layout__inner\">\n\t\t<a class=\"lastudio-images-layout__link\" href=\"http:\/\/poderegiodo.it\/wp-content\/uploads\/2022\/07\/Giodo-tuscany-montalcino-Cantina-A6.jpg\" data-elementor-open-lightbox=\"yes\" data-elementor-lightbox-slideshow=\"baf68f4\">\n\t\t\t<div class=\"lastudio-images-layout__image\"><img loading=\"lazy\" decoding=\"async\" src=\"https:\/\/poderegiodo.it\/wp-content\/uploads\/2022\/07\/Giodo-tuscany-montalcino-Cantina-A6.jpg\" data-src=\"https:\/\/poderegiodo.it\/wp-content\/uploads\/2022\/07\/Giodo-tuscany-montalcino-Cantina-A6.jpg\" alt=\"\" loading=\"lazy\" class=\"lastudio-images-layout__image-instance\" width=\"800\" height=\"800\" srcset=\"https:\/\/poderegiodo.it\/wp-content\/uploads\/2022\/07\/Giodo-tuscany-montalcino-Cantina-A6.jpg\" style=\"--img-height:800px\">\t\t\t<\/div>\n\t\t\t<div class=\"lastudio-images-layout__content\"><\/div>\n\t\t<\/a>\n\t<\/div>\n<\/div><div class=\" grid-item lastudio-images-layout__item\">\n\t<div class=\"lastudio-images-layout__inner\">\n\t\t<a class=\"lastudio-images-layout__link\" href=\"http:\/\/poderegiodo.it\/wp-content\/uploads\/2022\/07\/Vino-giodo-toscana-Cantina-A7.jpg\" data-elementor-open-lightbox=\"yes\" data-elementor-lightbox-slideshow=\"baf68f4\">\n\t\t\t<div class=\"lastudio-images-layout__image\"><img loading=\"lazy\" decoding=\"async\" src=\"https:\/\/poderegiodo.it\/wp-content\/uploads\/2022\/07\/Vino-giodo-toscana-Cantina-A7.jpg\" data-src=\"https:\/\/poderegiodo.it\/wp-content\/uploads\/2022\/07\/Vino-giodo-toscana-Cantina-A7.jpg\" alt=\"\" loading=\"lazy\" class=\"lastudio-images-layout__image-instance\" width=\"800\" height=\"800\" srcset=\"https:\/\/poderegiodo.it\/wp-content\/uploads\/2022\/07\/Vino-giodo-toscana-Cantina-A7.jpg\" style=\"--img-height:800px\">\t\t\t<\/div>\n\t\t\t<div class=\"lastudio-images-layout__content\"><\/div>\n\t\t<\/a>\n\t<\/div>\n<\/div><div class=\" grid-item lastudio-images-layout__item\">\n\t<div class=\"lastudio-images-layout__inner\">\n\t\t<a class=\"lastudio-images-layout__link\" href=\"http:\/\/poderegiodo.it\/wp-content\/uploads\/2022\/07\/Tuscany-wine-siena-Cantina-A8.jpg\" data-elementor-open-lightbox=\"yes\" data-elementor-lightbox-slideshow=\"baf68f4\">\n\t\t\t<div class=\"lastudio-images-layout__image\"><img loading=\"lazy\" decoding=\"async\" src=\"https:\/\/poderegiodo.it\/wp-content\/uploads\/2022\/07\/Tuscany-wine-siena-Cantina-A8.jpg\" data-src=\"https:\/\/poderegiodo.it\/wp-content\/uploads\/2022\/07\/Tuscany-wine-siena-Cantina-A8.jpg\" alt=\"\" loading=\"lazy\" class=\"lastudio-images-layout__image-instance\" width=\"800\" height=\"800\" srcset=\"https:\/\/poderegiodo.it\/wp-content\/uploads\/2022\/07\/Tuscany-wine-siena-Cantina-A8.jpg\" style=\"--img-height:800px\">\t\t\t<\/div>\n\t\t\t<div class=\"lastudio-images-layout__content\"><\/div>\n\t\t<\/a>\n\t<\/div>\n<\/div><div class=\" grid-item lastudio-images-layout__item\">\n\t<div class=\"lastudio-images-layout__inner\">\n\t\t<a class=\"lastudio-images-layout__link\" href=\"http:\/\/poderegiodo.it\/wp-content\/uploads\/2022\/07\/Vino-toscano-podere-giodo-Cantina-A9.jpg\" data-elementor-open-lightbox=\"yes\" data-elementor-lightbox-slideshow=\"baf68f4\">\n\t\t\t<div class=\"lastudio-images-layout__image\"><img loading=\"lazy\" decoding=\"async\" src=\"https:\/\/poderegiodo.it\/wp-content\/uploads\/2022\/07\/Vino-toscano-podere-giodo-Cantina-A9.jpg\" data-src=\"https:\/\/poderegiodo.it\/wp-content\/uploads\/2022\/07\/Vino-toscano-podere-giodo-Cantina-A9.jpg\" alt=\"\" loading=\"lazy\" class=\"lastudio-images-layout__image-instance\" width=\"800\" height=\"800\" srcset=\"https:\/\/poderegiodo.it\/wp-content\/uploads\/2022\/07\/Vino-toscano-podere-giodo-Cantina-A9.jpg\" style=\"--img-height:800px\">\t\t\t<\/div>\n\t\t\t<div class=\"lastudio-images-layout__content\"><\/div>\n\t\t<\/a>\n\t<\/div>\n<\/div><div class=\" grid-item lastudio-images-layout__item\">\n\t<div class=\"lastudio-images-layout__inner\">\n\t\t<a class=\"lastudio-images-layout__link\" href=\"http:\/\/poderegiodo.it\/wp-content\/uploads\/2022\/07\/toscana-montalcino-giodo-Cantina-A10.jpg\" data-elementor-open-lightbox=\"yes\" data-elementor-lightbox-slideshow=\"baf68f4\">\n\t\t\t<div class=\"lastudio-images-layout__image\"><img loading=\"lazy\" decoding=\"async\" src=\"https:\/\/poderegiodo.it\/wp-content\/uploads\/2022\/07\/toscana-montalcino-giodo-Cantina-A10.jpg\" data-src=\"https:\/\/poderegiodo.it\/wp-content\/uploads\/2022\/07\/toscana-montalcino-giodo-Cantina-A10.jpg\" alt=\"\" loading=\"lazy\" class=\"lastudio-images-layout__image-instance\" width=\"800\" height=\"800\" srcset=\"https:\/\/poderegiodo.it\/wp-content\/uploads\/2022\/07\/toscana-montalcino-giodo-Cantina-A10.jpg\" style=\"--img-height:800px\">\t\t\t<\/div>\n\t\t\t<div class=\"lastudio-images-layout__content\"><\/div>\n\t\t<\/a>\n\t<\/div>\n<\/div><div class=\" grid-item lastudio-images-layout__item\">\n\t<div class=\"lastudio-images-layout__inner\">\n\t\t<a class=\"lastudio-images-layout__link\" href=\"http:\/\/poderegiodo.it\/wp-content\/uploads\/2022\/07\/giodo-podere-Cantina-A11.jpg\" data-elementor-open-lightbox=\"yes\" data-elementor-lightbox-slideshow=\"baf68f4\">\n\t\t\t<div class=\"lastudio-images-layout__image\"><img loading=\"lazy\" decoding=\"async\" src=\"https:\/\/poderegiodo.it\/wp-content\/uploads\/2022\/07\/giodo-podere-Cantina-A11.jpg\" data-src=\"https:\/\/poderegiodo.it\/wp-content\/uploads\/2022\/07\/giodo-podere-Cantina-A11.jpg\" alt=\"\" loading=\"lazy\" class=\"lastudio-images-layout__image-instance\" width=\"800\" height=\"800\" srcset=\"https:\/\/poderegiodo.it\/wp-content\/uploads\/2022\/07\/giodo-podere-Cantina-A11.jpg\" style=\"--img-height:800px\">\t\t\t<\/div>\n\t\t\t<div class=\"lastudio-images-layout__content\"><\/div>\n\t\t<\/a>\n\t<\/div>\n<\/div><div class=\" grid-item lastudio-images-layout__item\">\n\t<div class=\"lastudio-images-layout__inner\">\n\t\t<a class=\"lastudio-images-layout__link\" href=\"http:\/\/poderegiodo.it\/wp-content\/uploads\/2022\/07\/Giodo-Cantina-A12.jpg\" data-elementor-open-lightbox=\"yes\" data-elementor-lightbox-slideshow=\"baf68f4\">\n\t\t\t<div class=\"lastudio-images-layout__image\"><img loading=\"lazy\" decoding=\"async\" src=\"https:\/\/poderegiodo.it\/wp-content\/uploads\/2022\/07\/Giodo-Cantina-A12.jpg\" data-src=\"https:\/\/poderegiodo.it\/wp-content\/uploads\/2022\/07\/Giodo-Cantina-A12.jpg\" alt=\"\" loading=\"lazy\" class=\"lastudio-images-layout__image-instance\" width=\"800\" height=\"800\" srcset=\"https:\/\/poderegiodo.it\/wp-content\/uploads\/2022\/07\/Giodo-Cantina-A12.jpg\" style=\"--img-height:800px\">\t\t\t<\/div>\n\t\t\t<div class=\"lastudio-images-layout__content\"><\/div>\n\t\t<\/a>\n\t<\/div>\n<\/div><\/div><\/div>\t\t\t\t<\/div>\n\t\t\t\t<\/div>\n\t\t\t\t\t<\/div>\n\t\t<\/div>\n\t\t\t\t\t<\/div>\n\t\t<\/div>\n\t\t\t\t<\/div>\n\t\t","protected":false},"excerpt":{"rendered":"<p>LA CANTINA LA CANTINA DAS ZUHAUSE VON GIODO Der Weinkeller wurde teilweise unterirdisch gebaut und integriert sich perfekt in die umliegende Landschaft. Aus den bei der Ausschachtung gesammelten Steinen wurde die Au\u00dfenmauer errichtet und aus einem speziellen [&hellip;]<\/p>\n","protected":false},"author":1,"featured_media":0,"parent":0,"menu_order":0,"comment_status":"closed","ping_status":"closed","template":"","meta":{"footnotes":""},"class_list":["post-4840","page","type-page","status-publish","hentry"],"_links":{"self":[{"href":"https:\/\/poderegiodo.it\/de\/wp-json\/wp\/v2\/pages\/4840","targetHints":{"allow":["GET"]}}],"collection":[{"href":"https:\/\/poderegiodo.it\/de\/wp-json\/wp\/v2\/pages"}],"about":[{"href":"https:\/\/poderegiodo.it\/de\/wp-json\/wp\/v2\/types\/page"}],"author":[{"embeddable":true,"href":"https:\/\/poderegiodo.it\/de\/wp-json\/wp\/v2\/users\/1"}],"replies":[{"embeddable":true,"href":"https:\/\/poderegiodo.it\/de\/wp-json\/wp\/v2\/comments?post=4840"}],"version-history":[{"count":13,"href":"https:\/\/poderegiodo.it\/de\/wp-json\/wp\/v2\/pages\/4840\/revisions"}],"predecessor-version":[{"id":4893,"href":"https:\/\/poderegiodo.it\/de\/wp-json\/wp\/v2\/pages\/4840\/revisions\/4893"}],"wp:attachment":[{"href":"https:\/\/poderegiodo.it\/de\/wp-json\/wp\/v2\/media?parent=4840"}],"curies":[{"name":"wp","href":"https:\/\/api.w.org\/{rel}","templated":true}]}}