{"id":5378,"date":"2026-04-28T14:20:56","date_gmt":"2026-04-28T14:20:56","guid":{"rendered":"https:\/\/poderegiodo.it\/?page_id=5378"},"modified":"2026-04-28T15:43:28","modified_gmt":"2026-04-28T15:43:28","slug":"casa-le-stanze-di-giodo","status":"publish","type":"page","link":"https:\/\/poderegiodo.it\/de\/casa-le-stanze-di-giodo\/","title":{"rendered":"Hause &#8211; Le stanze di Giodo"},"content":{"rendered":"\t\t<div data-elementor-type=\"wp-page\" data-elementor-id=\"5378\" class=\"elementor elementor-5378 elementor-5377\">\n\t\t\t\t\t\t<div class=\"elementor-section elementor-top-section elementor-element elementor-element-49570c07 elementor-section-full_width elementor-section-height-default elementor-section-height-default\" data-id=\"49570c07\" data-element_type=\"section\" data-e-type=\"section\">\n\t\t\t\t\t\t<div class=\"elementor-container elementor-column-gap-no\">\n\t\t\t\t\t<div class=\"elementor-column elementor-col-100 elementor-top-column elementor-element elementor-element-77df9999\" data-id=\"77df9999\" data-element_type=\"column\" data-e-type=\"column\">\n\t\t\t<div class=\"elementor-widget-wrap elementor-element-populated\">\n\t\t\t\t\t\t<div class=\"elementor-element elementor-element-24e3d626 elementor-widget elementor-widget-lastudio-banner\" data-id=\"24e3d626\" data-element_type=\"widget\" data-e-type=\"widget\" data-widget_type=\"lastudio-banner.default\">\n\t\t\t\t<div class=\"elementor-widget-container\">\n\t\t\t\t\t<figure class=\"lastudio-banner la-lazyload-image lastudio-effect-none\" data-background-image=\"https:\/\/poderegiodo.it\/wp-content\/uploads\/2026\/04\/la-casa-stanze-di-giodo-dormire.jpeg\"><div class=\"lastudio-banner__overlay\"><\/div><img loading=\"lazy\" decoding=\"async\" src=\"data:image\/gif;base64,R0lGODlhAQABAIAAAP\/\/\/wAAACH5BAEAAAAALAAAAAABAAEAAAICRAEAOw==\" data-src=\"https:\/\/poderegiodo.it\/wp-content\/uploads\/2026\/04\/la-casa-stanze-di-giodo-dormire.jpeg\" alt=\"\" loading=\"lazy\" class=\"la-lazyload-image lastudio-banner__img\" width=\"1600\" height=\"900\" srcset=\"data:image\/gif;base64,R0lGODlhAQABAIAAAP\/\/\/wAAACH5BAEAAAAALAAAAAABAAEAAAICRAEAOw==\"><figcaption class=\"lastudio-banner__content\"><div class=\"lastudio-banner__content-wrap\"><h5 class=\"lastudio-banner__title\">HAUSE<\/h5><\/div><a href=\"#\" class=\"lastudio-banner__link\"><span class=\"hidden\">HAUSE<\/span><\/a><\/figcaption><\/figure>\t\t\t\t<\/div>\n\t\t\t\t<\/div>\n\t\t\t\t\t<\/div>\n\t\t<\/div>\n\t\t\t\t\t<\/div>\n\t\t<\/div>\n\t\t\t\t<div class=\"elementor-section elementor-top-section elementor-element elementor-element-56b69365 elementor-section-boxed elementor-section-height-default elementor-section-height-default\" data-id=\"56b69365\" data-element_type=\"section\" data-e-type=\"section\">\n\t\t\t\t\t\t<div class=\"elementor-container elementor-column-gap-no\">\n\t\t\t\t\t<div class=\"elementor-column elementor-col-100 elementor-top-column elementor-element elementor-element-529b6276\" data-id=\"529b6276\" data-element_type=\"column\" data-e-type=\"column\">\n\t\t\t<div class=\"elementor-widget-wrap elementor-element-populated\">\n\t\t\t\t\t\t<div class=\"elementor-element elementor-element-8c25fa5 elementor-invisible elementor-widget elementor-widget-heading\" data-id=\"8c25fa5\" data-element_type=\"widget\" data-e-type=\"widget\" data-settings=\"{&quot;_animation&quot;:&quot;fadeInUp&quot;,&quot;_animation_delay&quot;:300}\" data-widget_type=\"heading.default\">\n\t\t\t\t<div class=\"elementor-widget-container\">\n\t\t\t\t\t<h3 class=\"elementor-heading-title elementor-size-default\">LE STANZE DI GIODO<\/h3>\t\t\t\t<\/div>\n\t\t\t\t<\/div>\n\t\t\t\t<div class=\"elementor-element elementor-element-6ae01cb elementor-widget-divider--view-line elementor-widget elementor-widget-divider\" data-id=\"6ae01cb\" data-element_type=\"widget\" data-e-type=\"widget\" data-widget_type=\"divider.default\">\n\t\t\t\t<div class=\"elementor-widget-container\">\n\t\t\t\t\t\t\t<div class=\"elementor-divider\">\n\t\t\t<span class=\"elementor-divider-separator\">\n\t\t\t\t\t\t<\/span>\n\t\t<\/div>\n\t\t\t\t\t\t<\/div>\n\t\t\t\t<\/div>\n\t\t\t\t<div class=\"elementor-element elementor-element-c846b07 elementor-invisible elementor-widget elementor-widget-text-editor\" data-id=\"c846b07\" data-element_type=\"widget\" data-e-type=\"widget\" data-settings=\"{&quot;_animation&quot;:&quot;fadeInUp&quot;}\" data-widget_type=\"text-editor.default\">\n\t\t\t\t<div class=\"elementor-widget-container\">\n\t\t\t\t\t\t\t\t\t<p>Ein authentisches Naturerlebnis, nur wenige Schritte von zu Hause entfernt: eine perfekte Kombination aus atemberaubenden Landschaften, sanften H\u00fcgeln, Weinbergen, soweit das Auge reicht, Olivenhainen und mediterraner Macchia \u2013 eine Atmosph\u00e4re der Ruhe und Entspannung.<\/p><p>Die elegant renovierte Villa erstreckt sich \u00fcber zwei Etagen. Im Erdgeschoss befinden sich ein Leseraum, ein ger\u00e4umiges Wohnzimmer mit Esstisch, eine voll ausgestattete K\u00fcche mit Herd, Backofen, K\u00fchlschrank und Geschirrsp\u00fcler, ein Abstellraum und ein Badezimmer. Im Obergeschoss erwarten Sie drei Doppelzimmer, jeweils mit eigenem Bad. Die Villa ist mit Klimaanlage, Heizung und WLAN ausgestattet. G\u00e4sten stehen au\u00dferdem ein m\u00f6blierter Garten, ein Grillplatz und ein Swimmingpool mit Liegest\u00fchlen zur Verf\u00fcgung.<\/p><p><em>D<\/em><i>ie Villa bietet Platz f\u00fcr bis zu 6 Personen. Zwei Babybetten sind auf Anfrage erh\u00e4ltlich.<\/i><\/p>\t\t\t\t\t\t\t\t<\/div>\n\t\t\t\t<\/div>\n\t\t\t\t\t<\/div>\n\t\t<\/div>\n\t\t\t\t\t<\/div>\n\t\t<\/div>\n\t\t\t\t<div class=\"elementor-section elementor-top-section elementor-element elementor-element-9241edb elementor-section-full_width elementor-section-height-default elementor-section-height-default\" data-id=\"9241edb\" data-element_type=\"section\" data-e-type=\"section\">\n\t\t\t\t\t\t<div class=\"elementor-container elementor-column-gap-no\">\n\t\t\t\t\t<div class=\"elementor-column elementor-col-100 elementor-top-column elementor-element elementor-element-b6d4e07\" data-id=\"b6d4e07\" data-element_type=\"column\" data-e-type=\"column\">\n\t\t\t<div class=\"elementor-widget-wrap elementor-element-populated\">\n\t\t\t\t\t\t<div class=\"elementor-element elementor-element-471946c elementor-widget elementor-widget-lastudio-banner\" data-id=\"471946c\" data-element_type=\"widget\" data-e-type=\"widget\" data-widget_type=\"lastudio-banner.default\">\n\t\t\t\t<div class=\"elementor-widget-container\">\n\t\t\t\t\t<figure class=\"lastudio-banner la-lazyload-image lastudio-effect-none\" data-background-image=\"https:\/\/poderegiodo.it\/wp-content\/uploads\/2026\/04\/la-casa-stanze-di-giodo-dormire2.jpeg\"><div class=\"lastudio-banner__overlay\"><\/div><img loading=\"lazy\" decoding=\"async\" src=\"data:image\/gif;base64,R0lGODlhAQABAIAAAP\/\/\/wAAACH5BAEAAAAALAAAAAABAAEAAAICRAEAOw==\" data-src=\"https:\/\/poderegiodo.it\/wp-content\/uploads\/2026\/04\/la-casa-stanze-di-giodo-dormire2.jpeg\" alt=\"\" loading=\"lazy\" class=\"la-lazyload-image lastudio-banner__img\" width=\"1600\" height=\"900\" srcset=\"data:image\/gif;base64,R0lGODlhAQABAIAAAP\/\/\/wAAACH5BAEAAAAALAAAAAABAAEAAAICRAEAOw==\"><figcaption class=\"lastudio-banner__content\"><div class=\"lastudio-banner__content-wrap\"><\/div><\/span><\/a><\/figcaption><\/figure>\t\t\t\t<\/div>\n\t\t\t\t<\/div>\n\t\t\t\t\t<\/div>\n\t\t<\/div>\n\t\t\t\t\t<\/div>\n\t\t<\/div>\n\t\t\t\t<div class=\"elementor-section elementor-top-section elementor-element elementor-element-c7c37a0 elementor-section-boxed elementor-section-height-default elementor-section-height-default\" data-id=\"c7c37a0\" data-element_type=\"section\" data-e-type=\"section\">\n\t\t\t\t\t\t<div class=\"elementor-container elementor-column-gap-no\">\n\t\t\t\t\t<div class=\"elementor-column elementor-col-100 elementor-top-column elementor-element elementor-element-b4dee0f\" data-id=\"b4dee0f\" data-element_type=\"column\" data-e-type=\"column\">\n\t\t\t<div class=\"elementor-widget-wrap elementor-element-populated\">\n\t\t\t\t\t\t<div class=\"elementor-element elementor-element-e2ffab2 elementor-invisible elementor-widget elementor-widget-heading\" data-id=\"e2ffab2\" data-element_type=\"widget\" data-e-type=\"widget\" data-settings=\"{&quot;_animation&quot;:&quot;fadeInUp&quot;,&quot;_animation_delay&quot;:300}\" data-widget_type=\"heading.default\">\n\t\t\t\t<div class=\"elementor-widget-container\">\n\t\t\t\t\t<h3 class=\"elementor-heading-title elementor-size-default\">Allgemeine Informationen<\/h3>\t\t\t\t<\/div>\n\t\t\t\t<\/div>\n\t\t\t\t<div class=\"elementor-element elementor-element-0c19eeb elementor-widget-divider--view-line elementor-widget elementor-widget-divider\" data-id=\"0c19eeb\" data-element_type=\"widget\" data-e-type=\"widget\" data-widget_type=\"divider.default\">\n\t\t\t\t<div class=\"elementor-widget-container\">\n\t\t\t\t\t\t\t<div class=\"elementor-divider\">\n\t\t\t<span class=\"elementor-divider-separator\">\n\t\t\t\t\t\t<\/span>\n\t\t<\/div>\n\t\t\t\t\t\t<\/div>\n\t\t\t\t<\/div>\n\t\t\t\t<div class=\"elementor-element elementor-element-9c69b0e elementor-invisible elementor-widget elementor-widget-text-editor\" data-id=\"9c69b0e\" data-element_type=\"widget\" data-e-type=\"widget\" data-settings=\"{&quot;_animation&quot;:&quot;fadeInUp&quot;}\" data-widget_type=\"text-editor.default\">\n\t\t\t\t<div class=\"elementor-widget-container\">\n\t\t\t\t\t\t\t\t\t<ul><li>Die Villa ist mit dem Auto erreichbar. Da die Stra\u00dfe unbefestigt ist, empfehlen wir ein gel\u00e4ndeg\u00e4ngiges Fahrzeug, z. B. einen Crossover oder SUV.<\/li><li>Der Preis f\u00fcr Le Stanze di GIODO beinhaltet die Unterkunft, die Endreinigung, Nebenkosten, Heizung und Klimaanlage, die Nutzung der K\u00fcche, Handt\u00fccher und Bettw\u00e4sche (w\u00f6chentlicher Wechsel bei Aufenthalten von mehr als einer Woche), WLAN, die Nutzung des Waschraums sowie den Zugang zu den gemeinschaftlichen Au\u00dfenbereichen, einschlie\u00dflich des Au\u00dfenpools (im Sommer ge\u00f6ffnet) und des Grillplatzes.<\/li><li>Check-in ist freitags von 15:00 bis 17:00 Uhr, check-out 10:00.<\/li><\/ul><p>Bei Fragen oder W\u00fcnschen senden Sie bitte eine E-Mail an <span style=\"text-decoration: underline;\"><a href=\"mailto:visit@giodo.it\">visit@giodo.it<\/a><\/span><\/p><p><em>Bei Stornierungen bis 14 Tage vor Anreise erhalten Sie eine volle R\u00fcckerstattung.<\/em><\/p>\t\t\t\t\t\t\t\t<\/div>\n\t\t\t\t<\/div>\n\t\t\t\t\t<\/div>\n\t\t<\/div>\n\t\t\t\t\t<\/div>\n\t\t<\/div>\n\t\t\t\t<div class=\"elementor-section elementor-top-section elementor-element elementor-element-e463f1c elementor-section-full_width elementor-section-height-default elementor-section-height-default\" data-id=\"e463f1c\" data-element_type=\"section\" data-e-type=\"section\">\n\t\t\t\t\t\t<div class=\"elementor-container elementor-column-gap-no\">\n\t\t\t\t\t<div class=\"elementor-column elementor-col-100 elementor-top-column elementor-element elementor-element-92715da\" data-id=\"92715da\" data-element_type=\"column\" data-e-type=\"column\">\n\t\t\t<div class=\"elementor-widget-wrap elementor-element-populated\">\n\t\t\t\t\t\t<div class=\"elementor-element elementor-element-af0593b elementor-widget elementor-widget-lastudio-banner\" data-id=\"af0593b\" data-element_type=\"widget\" data-e-type=\"widget\" data-widget_type=\"lastudio-banner.default\">\n\t\t\t\t<div class=\"elementor-widget-container\">\n\t\t\t\t\t<figure class=\"lastudio-banner la-lazyload-image lastudio-effect-none\" data-background-image=\"https:\/\/poderegiodo.it\/wp-content\/uploads\/2026\/04\/la-casa-stanze-di-giodo-dormire3.jpeg\"><div class=\"lastudio-banner__overlay\"><\/div><img loading=\"lazy\" decoding=\"async\" src=\"data:image\/gif;base64,R0lGODlhAQABAIAAAP\/\/\/wAAACH5BAEAAAAALAAAAAABAAEAAAICRAEAOw==\" data-src=\"https:\/\/poderegiodo.it\/wp-content\/uploads\/2026\/04\/la-casa-stanze-di-giodo-dormire3.jpeg\" alt=\"\" loading=\"lazy\" class=\"la-lazyload-image lastudio-banner__img\" width=\"1600\" height=\"900\" srcset=\"data:image\/gif;base64,R0lGODlhAQABAIAAAP\/\/\/wAAACH5BAEAAAAALAAAAAABAAEAAAICRAEAOw==\"><figcaption class=\"lastudio-banner__content\"><div class=\"lastudio-banner__content-wrap\"><\/div><\/span><\/a><\/figcaption><\/figure>\t\t\t\t<\/div>\n\t\t\t\t<\/div>\n\t\t\t\t\t<\/div>\n\t\t<\/div>\n\t\t\t\t\t<\/div>\n\t\t<\/div>\n\t\t\t\t<div class=\"elementor-section elementor-top-section elementor-element elementor-element-ae39fa3 elementor-section-boxed elementor-section-height-default elementor-section-height-default\" data-id=\"ae39fa3\" data-element_type=\"section\" data-e-type=\"section\">\n\t\t\t\t\t\t<div class=\"elementor-container elementor-column-gap-no\">\n\t\t\t\t\t<div class=\"elementor-column elementor-col-100 elementor-top-column elementor-element elementor-element-1633378\" data-id=\"1633378\" data-element_type=\"column\" data-e-type=\"column\">\n\t\t\t<div class=\"elementor-widget-wrap elementor-element-populated\">\n\t\t\t\t\t\t<div class=\"elementor-element elementor-element-48b2bfe elementor-invisible elementor-widget elementor-widget-heading\" data-id=\"48b2bfe\" data-element_type=\"widget\" data-e-type=\"widget\" data-settings=\"{&quot;_animation&quot;:&quot;fadeInUp&quot;,&quot;_animation_delay&quot;:300}\" data-widget_type=\"heading.default\">\n\t\t\t\t<div class=\"elementor-widget-container\">\n\t\t\t\t\t<h3 class=\"elementor-heading-title elementor-size-default\">GALLERY<\/h3>\t\t\t\t<\/div>\n\t\t\t\t<\/div>\n\t\t\t\t<div class=\"elementor-element elementor-element-e78575e elementor-widget-divider--view-line elementor-widget elementor-widget-divider\" data-id=\"e78575e\" data-element_type=\"widget\" data-e-type=\"widget\" data-widget_type=\"divider.default\">\n\t\t\t\t<div class=\"elementor-widget-container\">\n\t\t\t\t\t\t\t<div class=\"elementor-divider\">\n\t\t\t<span class=\"elementor-divider-separator\">\n\t\t\t\t\t\t<\/span>\n\t\t<\/div>\n\t\t\t\t\t\t<\/div>\n\t\t\t\t<\/div>\n\t\t\t\t\t<\/div>\n\t\t<\/div>\n\t\t\t\t\t<\/div>\n\t\t<\/div>\n\t\t\t\t<div class=\"elementor-section elementor-top-section elementor-element elementor-element-192b686 elementor-section-full_width elementor-section-height-default elementor-section-height-default\" data-id=\"192b686\" data-element_type=\"section\" data-e-type=\"section\">\n\t\t\t\t\t\t<div class=\"elementor-container elementor-column-gap-no\">\n\t\t\t\t\t<div class=\"elementor-column elementor-col-100 elementor-top-column elementor-element elementor-element-2712462\" data-id=\"2712462\" data-element_type=\"column\" data-e-type=\"column\">\n\t\t\t<div class=\"elementor-widget-wrap elementor-element-populated\">\n\t\t\t\t\t\t<div class=\"elementor-element elementor-element-baf68f4 imagelayout-preset-default elementor-widget elementor-widget-lastudio-images-layout\" data-id=\"baf68f4\" data-element_type=\"widget\" data-e-type=\"widget\" data-widget_type=\"lastudio-images-layout.default\">\n\t\t\t\t<div class=\"elementor-widget-container\">\n\t\t\t\t\t\n<div class=\"lastudio-images-layout layout-type-grid\" style=\"--elm-slide-item: 4\">\n\t<div class=\"lastudio-images-layout__list grid-items block-grid-4 laptop-block-grid-4 tablet-block-grid-4 mobile-block-grid-4 xmobile-block-grid-2\" >\n<div class=\" grid-item lastudio-images-layout__item\">\n\t<div class=\"lastudio-images-layout__inner\">\n\t\t<a class=\"lastudio-images-layout__link\" href=\"https:\/\/poderegiodo.it\/wp-content\/uploads\/2026\/04\/casa-stanze-di-giodo1.jpeg\" data-elementor-open-lightbox=\"yes\" data-elementor-lightbox-slideshow=\"baf68f4\">\n\t\t\t<div class=\"lastudio-images-layout__image\"><img loading=\"lazy\" decoding=\"async\" src=\"https:\/\/poderegiodo.it\/wp-content\/uploads\/2026\/04\/casa-stanze-di-giodo1.jpeg\" data-src=\"https:\/\/poderegiodo.it\/wp-content\/uploads\/2026\/04\/casa-stanze-di-giodo1.jpeg\" alt=\"\" loading=\"lazy\" class=\"lastudio-images-layout__image-instance\" width=\"800\" height=\"800\" srcset=\"https:\/\/poderegiodo.it\/wp-content\/uploads\/2026\/04\/casa-stanze-di-giodo1.jpeg\" style=\"--img-height:800px\">\t\t\t<\/div>\n\t\t\t<div class=\"lastudio-images-layout__content\"><\/div>\n\t\t<\/a>\n\t<\/div>\n<\/div><div class=\" grid-item lastudio-images-layout__item\">\n\t<div class=\"lastudio-images-layout__inner\">\n\t\t<a class=\"lastudio-images-layout__link\" href=\"https:\/\/poderegiodo.it\/wp-content\/uploads\/2026\/04\/casa-stanze-di-giodo2.jpeg\" data-elementor-open-lightbox=\"yes\" data-elementor-lightbox-slideshow=\"baf68f4\">\n\t\t\t<div class=\"lastudio-images-layout__image\"><img loading=\"lazy\" decoding=\"async\" src=\"https:\/\/poderegiodo.it\/wp-content\/uploads\/2026\/04\/casa-stanze-di-giodo2.jpeg\" data-src=\"https:\/\/poderegiodo.it\/wp-content\/uploads\/2026\/04\/casa-stanze-di-giodo2.jpeg\" alt=\"\" loading=\"lazy\" class=\"lastudio-images-layout__image-instance\" width=\"800\" height=\"800\" srcset=\"https:\/\/poderegiodo.it\/wp-content\/uploads\/2026\/04\/casa-stanze-di-giodo2.jpeg\" style=\"--img-height:800px\">\t\t\t<\/div>\n\t\t\t<div class=\"lastudio-images-layout__content\"><\/div>\n\t\t<\/a>\n\t<\/div>\n<\/div><div class=\" grid-item lastudio-images-layout__item\">\n\t<div class=\"lastudio-images-layout__inner\">\n\t\t<a class=\"lastudio-images-layout__link\" href=\"https:\/\/poderegiodo.it\/wp-content\/uploads\/2026\/04\/casa-stanze-di-giodo3.jpeg\" data-elementor-open-lightbox=\"yes\" data-elementor-lightbox-slideshow=\"baf68f4\">\n\t\t\t<div class=\"lastudio-images-layout__image\"><img loading=\"lazy\" decoding=\"async\" src=\"https:\/\/poderegiodo.it\/wp-content\/uploads\/2026\/04\/casa-stanze-di-giodo3.jpeg\" data-src=\"https:\/\/poderegiodo.it\/wp-content\/uploads\/2026\/04\/casa-stanze-di-giodo3.jpeg\" alt=\"\" loading=\"lazy\" class=\"lastudio-images-layout__image-instance\" width=\"800\" height=\"800\" srcset=\"https:\/\/poderegiodo.it\/wp-content\/uploads\/2026\/04\/casa-stanze-di-giodo3.jpeg\" style=\"--img-height:800px\">\t\t\t<\/div>\n\t\t\t<div class=\"lastudio-images-layout__content\"><\/div>\n\t\t<\/a>\n\t<\/div>\n<\/div><div class=\" grid-item lastudio-images-layout__item\">\n\t<div class=\"lastudio-images-layout__inner\">\n\t\t<a class=\"lastudio-images-layout__link\" href=\"https:\/\/poderegiodo.it\/wp-content\/uploads\/2026\/04\/casa-stanze-di-giodo4.jpeg\" data-elementor-open-lightbox=\"yes\" data-elementor-lightbox-slideshow=\"baf68f4\">\n\t\t\t<div class=\"lastudio-images-layout__image\"><img loading=\"lazy\" decoding=\"async\" src=\"https:\/\/poderegiodo.it\/wp-content\/uploads\/2026\/04\/casa-stanze-di-giodo4.jpeg\" data-src=\"https:\/\/poderegiodo.it\/wp-content\/uploads\/2026\/04\/casa-stanze-di-giodo4.jpeg\" alt=\"\" loading=\"lazy\" class=\"lastudio-images-layout__image-instance\" width=\"800\" height=\"800\" srcset=\"https:\/\/poderegiodo.it\/wp-content\/uploads\/2026\/04\/casa-stanze-di-giodo4.jpeg\" style=\"--img-height:800px\">\t\t\t<\/div>\n\t\t\t<div class=\"lastudio-images-layout__content\"><\/div>\n\t\t<\/a>\n\t<\/div>\n<\/div><div class=\" grid-item lastudio-images-layout__item\">\n\t<div class=\"lastudio-images-layout__inner\">\n\t\t<a class=\"lastudio-images-layout__link\" href=\"https:\/\/poderegiodo.it\/wp-content\/uploads\/2026\/04\/casa-stanze-di-giodo5.jpeg\" data-elementor-open-lightbox=\"yes\" data-elementor-lightbox-slideshow=\"baf68f4\">\n\t\t\t<div class=\"lastudio-images-layout__image\"><img loading=\"lazy\" decoding=\"async\" src=\"https:\/\/poderegiodo.it\/wp-content\/uploads\/2026\/04\/casa-stanze-di-giodo5.jpeg\" data-src=\"https:\/\/poderegiodo.it\/wp-content\/uploads\/2026\/04\/casa-stanze-di-giodo5.jpeg\" alt=\"\" loading=\"lazy\" class=\"lastudio-images-layout__image-instance\" width=\"800\" height=\"800\" srcset=\"https:\/\/poderegiodo.it\/wp-content\/uploads\/2026\/04\/casa-stanze-di-giodo5.jpeg\" style=\"--img-height:800px\">\t\t\t<\/div>\n\t\t\t<div class=\"lastudio-images-layout__content\"><\/div>\n\t\t<\/a>\n\t<\/div>\n<\/div><div class=\" grid-item lastudio-images-layout__item\">\n\t<div class=\"lastudio-images-layout__inner\">\n\t\t<a class=\"lastudio-images-layout__link\" href=\"https:\/\/poderegiodo.it\/wp-content\/uploads\/2026\/04\/casa-stanze-di-giodo6.jpeg\" data-elementor-open-lightbox=\"yes\" data-elementor-lightbox-slideshow=\"baf68f4\">\n\t\t\t<div class=\"lastudio-images-layout__image\"><img loading=\"lazy\" decoding=\"async\" src=\"https:\/\/poderegiodo.it\/wp-content\/uploads\/2026\/04\/casa-stanze-di-giodo6.jpeg\" data-src=\"https:\/\/poderegiodo.it\/wp-content\/uploads\/2026\/04\/casa-stanze-di-giodo6.jpeg\" alt=\"\" loading=\"lazy\" class=\"lastudio-images-layout__image-instance\" width=\"800\" height=\"800\" srcset=\"https:\/\/poderegiodo.it\/wp-content\/uploads\/2026\/04\/casa-stanze-di-giodo6.jpeg\" style=\"--img-height:800px\">\t\t\t<\/div>\n\t\t\t<div class=\"lastudio-images-layout__content\"><\/div>\n\t\t<\/a>\n\t<\/div>\n<\/div><div class=\" grid-item lastudio-images-layout__item\">\n\t<div class=\"lastudio-images-layout__inner\">\n\t\t<a class=\"lastudio-images-layout__link\" href=\"https:\/\/poderegiodo.it\/wp-content\/uploads\/2026\/04\/casa-stanze-di-giodo7.jpeg\" data-elementor-open-lightbox=\"yes\" data-elementor-lightbox-slideshow=\"baf68f4\">\n\t\t\t<div class=\"lastudio-images-layout__image\"><img loading=\"lazy\" decoding=\"async\" src=\"https:\/\/poderegiodo.it\/wp-content\/uploads\/2026\/04\/casa-stanze-di-giodo7.jpeg\" data-src=\"https:\/\/poderegiodo.it\/wp-content\/uploads\/2026\/04\/casa-stanze-di-giodo7.jpeg\" alt=\"\" loading=\"lazy\" class=\"lastudio-images-layout__image-instance\" width=\"800\" height=\"800\" srcset=\"https:\/\/poderegiodo.it\/wp-content\/uploads\/2026\/04\/casa-stanze-di-giodo7.jpeg\" style=\"--img-height:800px\">\t\t\t<\/div>\n\t\t\t<div class=\"lastudio-images-layout__content\"><\/div>\n\t\t<\/a>\n\t<\/div>\n<\/div><div class=\" grid-item lastudio-images-layout__item\">\n\t<div class=\"lastudio-images-layout__inner\">\n\t\t<a class=\"lastudio-images-layout__link\" href=\"https:\/\/poderegiodo.it\/wp-content\/uploads\/2026\/04\/casa-stanze-di-giodo8.jpeg\" data-elementor-open-lightbox=\"yes\" data-elementor-lightbox-slideshow=\"baf68f4\">\n\t\t\t<div class=\"lastudio-images-layout__image\"><img loading=\"lazy\" decoding=\"async\" src=\"https:\/\/poderegiodo.it\/wp-content\/uploads\/2026\/04\/casa-stanze-di-giodo8.jpeg\" data-src=\"https:\/\/poderegiodo.it\/wp-content\/uploads\/2026\/04\/casa-stanze-di-giodo8.jpeg\" alt=\"\" loading=\"lazy\" class=\"lastudio-images-layout__image-instance\" width=\"800\" height=\"800\" srcset=\"https:\/\/poderegiodo.it\/wp-content\/uploads\/2026\/04\/casa-stanze-di-giodo8.jpeg\" style=\"--img-height:800px\">\t\t\t<\/div>\n\t\t\t<div class=\"lastudio-images-layout__content\"><\/div>\n\t\t<\/a>\n\t<\/div>\n<\/div><\/div><\/div>\t\t\t\t<\/div>\n\t\t\t\t<\/div>\n\t\t\t\t\t<\/div>\n\t\t<\/div>\n\t\t\t\t\t<\/div>\n\t\t<\/div>\n\t\t\t\t<\/div>\n\t\t","protected":false},"excerpt":{"rendered":"","protected":false},"author":1,"featured_media":0,"parent":0,"menu_order":0,"comment_status":"closed","ping_status":"closed","template":"","meta":{"footnotes":""},"class_list":["post-5378","page","type-page","status-publish","hentry"],"_links":{"self":[{"href":"https:\/\/poderegiodo.it\/de\/wp-json\/wp\/v2\/pages\/5378","targetHints":{"allow":["GET"]}}],"collection":[{"href":"https:\/\/poderegiodo.it\/de\/wp-json\/wp\/v2\/pages"}],"about":[{"href":"https:\/\/poderegiodo.it\/de\/wp-json\/wp\/v2\/types\/page"}],"author":[{"embeddable":true,"href":"https:\/\/poderegiodo.it\/de\/wp-json\/wp\/v2\/users\/1"}],"replies":[{"embeddable":true,"href":"https:\/\/poderegiodo.it\/de\/wp-json\/wp\/v2\/comments?post=5378"}],"version-history":[{"count":10,"href":"https:\/\/poderegiodo.it\/de\/wp-json\/wp\/v2\/pages\/5378\/revisions"}],"predecessor-version":[{"id":5447,"href":"https:\/\/poderegiodo.it\/de\/wp-json\/wp\/v2\/pages\/5378\/revisions\/5447"}],"wp:attachment":[{"href":"https:\/\/poderegiodo.it\/de\/wp-json\/wp\/v2\/media?parent=5378"}],"curies":[{"name":"wp","href":"https:\/\/api.w.org\/{rel}","templated":true}]}}