{"id":4869,"date":"2022-06-30T13:43:05","date_gmt":"2022-06-30T13:43:05","guid":{"rendered":"https:\/\/poderegiodo.it\/product\/giodo-brunello-di-montalcino\/"},"modified":"2023-01-18T14:51:49","modified_gmt":"2023-01-18T14:51:49","slug":"giodo-brunello-di-montalcino","status":"publish","type":"product","link":"https:\/\/poderegiodo.it\/de\/produkt\/giodo-brunello-di-montalcino\/","title":{"rendered":"Giodo Brunello di Montalcino"},"content":{"rendered":"","protected":false},"excerpt":{"rendered":"<h4>Giodo Brunello di Montalcino<\/h4>\n<p><em>Sorgfalt und Hingabe in jeder Phase, vom Wachstum im Weinberg \u00fcber die Verarbeitung im Keller bis zur Reifung im Holz.<\/em><\/p>\n<p>F\u00fcr die Produktion des Brunello di Montalcino werden nur die besten Sangiovese-Trauben des Weinguts verwendet. Die lange Reifung \u2013 gut zweieinhalb Jahre \u2013 vollzieht sich in franz\u00f6sischen Eichenf\u00e4ssern, gefolgt von 18 Monaten Verfeinerung auf der Flasche, eine essentielle Zeit, um dem Giodo Brunello di Montalcino Eleganz, Ausgewogenheit und Tiefe zu verleihen. Am Gaumen zeigt er gro\u00dfe Klasse, ein komplexer, tiefgr\u00fcndiger, faszinierender und intensiver Wein ohne exzessive Opulenz, weich und mit au\u00dfergew\u00f6hnlich langem Nachhall.<\/p>\n<p><em>Das Etikett erz\u00e4hlt eine kleine Geschichte: ein stilisiertes M\u00e4nnlein, das den Sangiovese darstellt, als St\u00fctze der Weinwelt, weil diese Rebsorte in Montalcino der einzige Interpret ist.<\/em><\/p>\n<p>&nbsp;<\/p>\n<p><a href=\"https:\/\/poderegiodo.it\/wp-content\/uploads\/2023\/01\/Giodo-Brunello-di-Montalcino-2018-DE.pdf\" target=\"_blank\" rel=\"noopener\"><strong>Technisches Datenblatt Jahrgang 2018<\/strong><\/a><br \/>\n<a href=\"https:\/\/poderegiodo.it\/wp-content\/uploads\/2022\/08\/wine-Giodo_Brunello-di-Montalcino-2017-ENG.pdf\" target=\"_blank\" rel=\"noopener\"><strong>Technisches Datenblatt Jahrgang 2017<\/strong><\/a><br \/>\n<a href=\"https:\/\/poderegiodo.it\/wp-content\/uploads\/2022\/08\/wine-Giodo_Brunello-di-Montalcino-2016-ENG.pdf\" target=\"_blank\" rel=\"noopener\"><strong>Technisches Datenblatt Jahrgang 2016<\/strong><\/a><br \/>\n<a href=\"https:\/\/poderegiodo.it\/wp-content\/uploads\/2022\/08\/Giodo_Brunello-di-Montalcino-2015-ENG.pdf\" target=\"_blank\" rel=\"noopener\"><strong>Technisches Datenblatt Jahrgang 2015<\/strong><\/a><br \/>\n<a href=\"https:\/\/poderegiodo.it\/wp-content\/uploads\/2022\/08\/Giodo_Brunello-di-Montalcino-2014_ENG.pdf\" target=\"_blank\" rel=\"noopener\"><strong>Technisches Datenblatt Jahrgang 2014<\/strong><\/a><br \/>\n<a href=\"https:\/\/poderegiodo.it\/wp-content\/uploads\/2022\/08\/Giodo_Brunello-di-Montalcino-2013-ENG.pdf\" target=\"_blank\" rel=\"noopener\"><strong>Technisches Datenblatt Jahrgang 2013<\/strong><\/a><\/p>\n<div class=\"la-wc-tabs-wrapper\">\n<div class=\"wc-tabs-outer clearfix\">\n<div class=\"woocommerce-tabs wc-tabs-wrapper\">\n<ul class=\"tabs wc-tabs\" role=\"tablist\">\n<li id=\"tab-title-lasf_tab_0\" class=\"lasf_tab_0_tab active\" role=\"tab\" aria-controls=\"tab-lasf_tab_0\"><a href=\"#tab-lasf_tab_0\"><br \/>\nTechnisches Arbeitsblatt<\/a><\/li>\n<li id=\"tab-title-lasf_tab_1\" class=\"lasf_tab_1_tab\" role=\"tab\" aria-controls=\"tab-lasf_tab_1\"><a href=\"#tab-lasf_tab_1\">Download<\/a><\/li>\n<\/ul>\n<div id=\"tab-lasf_tab_1\" class=\" clearfix woocommerce-Tabs-panel woocommerce-Tabs-panel--lasf_tab_1 panel entry-content wc-tab\" style=\"display: none;\" role=\"tabpanel\" aria-labelledby=\"tab-title-lasf_tab_1\">\n<div class=\"wc-tab-title\"><a href=\"#tab-lasf_tab_1\">ABFALLSORTIERUNG<\/a><\/div>\n<div class=\"tab-content\"><img fetchpriority=\"high\" decoding=\"async\" class=\"alignnone size-full wp-image-4727\" src=\"https:\/\/poderegiodo.it\/wp-content\/uploads\/2022\/09\/Raccolta-differenziata-ok.jpg\" alt=\"\" width=\"1284\" height=\"242\" srcset=\"https:\/\/poderegiodo.it\/wp-content\/uploads\/2022\/09\/Raccolta-differenziata-ok.jpg 1284w, https:\/\/poderegiodo.it\/wp-content\/uploads\/2022\/09\/Raccolta-differenziata-ok-768x145.jpg 768w\" sizes=\"(max-width: 1284px) 100vw, 1284px\" \/><\/div>\n<\/div>\n<\/div>\n<\/div>\n<\/div>\n","protected":false},"featured_media":4738,"template":"","meta":[],"product_brand":[],"product_cat":[159],"product_tag":[157,158,156,155],"class_list":{"0":"post-4869","1":"product","2":"type-product","3":"status-publish","4":"has-post-thumbnail","6":"product_cat-weine-von-montalcino","7":"product_tag-brunello-di-montalcino-de","8":"product_tag-montalcino-de","9":"product_tag-toskana","10":"product_tag-weine","12":"first","13":"instock","14":"shipping-taxable","15":"product-type-simple"},"_links":{"self":[{"href":"https:\/\/poderegiodo.it\/de\/wp-json\/wp\/v2\/product\/4869","targetHints":{"allow":["GET"]}}],"collection":[{"href":"https:\/\/poderegiodo.it\/de\/wp-json\/wp\/v2\/product"}],"about":[{"href":"https:\/\/poderegiodo.it\/de\/wp-json\/wp\/v2\/types\/product"}],"wp:featuredmedia":[{"embeddable":true,"href":"https:\/\/poderegiodo.it\/de\/wp-json\/wp\/v2\/media\/4738"}],"wp:attachment":[{"href":"https:\/\/poderegiodo.it\/de\/wp-json\/wp\/v2\/media?parent=4869"}],"wp:term":[{"taxonomy":"product_brand","embeddable":true,"href":"https:\/\/poderegiodo.it\/de\/wp-json\/wp\/v2\/product_brand?post=4869"},{"taxonomy":"product_cat","embeddable":true,"href":"https:\/\/poderegiodo.it\/de\/wp-json\/wp\/v2\/product_cat?post=4869"},{"taxonomy":"product_tag","embeddable":true,"href":"https:\/\/poderegiodo.it\/de\/wp-json\/wp\/v2\/product_tag?post=4869"}],"curies":[{"name":"wp","href":"https:\/\/api.w.org\/{rel}","templated":true}]}}