{"id":5350,"date":"2026-04-28T13:43:15","date_gmt":"2026-04-28T13:43:15","guid":{"rendered":"https:\/\/poderegiodo.it\/?post_type=product&#038;p=5350"},"modified":"2026-04-28T14:03:53","modified_gmt":"2026-04-28T14:03:53","slug":"pretto-brunello-di-montalcino","status":"publish","type":"product","link":"https:\/\/poderegiodo.it\/de\/produkt\/pretto-brunello-di-montalcino\/","title":{"rendered":"Pr\u00e8tto Brunello di Montalcino"},"content":{"rendered":"","protected":false},"excerpt":{"rendered":"<h4>Pr\u00e8tto Brunello di Montalcino<\/h4>\n<p><em>Der Name bedeutet \u201ewahrhaftig, offen, aufrichtig\u201c und spiegelt den Charakter des Weins wider: eine unmittelbare und direkte Interpretation des Sangiovese, die die neuen Generationen ansprechen und gleichzeitig Tiefe und Authentizit\u00e4t bewahren soll.<\/em><\/p>\n<p>Pr\u00e8tto stammt aus denselben Weinbergen und durchl\u00e4uft dieselbe mehrstufige manuelle Selektion wie Brunello di Montalcino Giodo, das Flaggschiff des Weinguts, das mit dem Jahrgang 2009 deb\u00fctierte. Der Unterschied zeigt sich auch im Keller w\u00e4hrend der Reifung: Aus den 500-, 700- und 2.700-Liter-F\u00e4ssern werden f\u00fcr Brunello Giodo die besten Partien ausgew\u00e4hlt, die die gr\u00f6\u00dfte Harmonie zwischen Eleganz, aromatischer Finesse und lagerf\u00e4higer Struktur aufweisen; f\u00fcr Pr\u00e8tto hingegen werden die Partien ausgew\u00e4hlt, die mehr Frische und zug\u00e4ngliche Tannine besitzen.<br \/>\nBeide Weine folgen derselben Produktionsphilosophie: Die Trauben werden von Hand auf den H\u00fcgeln zwischen Sant&#8217;Angelo in Colle und Sant&#8217;Antimo gelesen, die Vinifizierung erfolgt im Edelstahltank mit Mazeration, die auf der gew\u00fcnschten Struktur und Eleganz basiert, die Reifung f\u00fcr etwa 30 Monate in Tonneaux, gefolgt von sechs Monaten im Zementtank zur nat\u00fcrlichen Rebalancierung und etwa 18 Monaten Flaschenreife.<\/p>\n<div class=\"la-wc-tabs-wrapper\" style=\"display: none;\">\n<div class=\"wc-tabs-outer clearfix\">\n<div class=\"woocommerce-tabs wc-tabs-wrapper\">\n<ul class=\"tabs wc-tabs\" role=\"tablist\">\n<li id=\"tab-title-lasf_tab_0\" class=\"lasf_tab_0_tab active\" role=\"tab\" aria-controls=\"tab-lasf_tab_0\"><a href=\"#tab-lasf_tab_0\">Scheda Tecnica<\/a><\/li>\n<li id=\"tab-title-lasf_tab_1\" class=\"lasf_tab_1_tab\" role=\"tab\" aria-controls=\"tab-lasf_tab_1\"><a href=\"#tab-lasf_tab_1\">Download<\/a><\/li>\n<\/ul>\n<div id=\"tab-lasf_tab_1\" class=\" clearfix woocommerce-Tabs-panel woocommerce-Tabs-panel--lasf_tab_1 panel entry-content wc-tab\" style=\"display: none;\" role=\"tabpanel\" aria-labelledby=\"tab-title-lasf_tab_1\">\n<div class=\"wc-tab-title\"><a href=\"#tab-lasf_tab_1\">RACCOLTA DIFFERENZIATA<\/a><\/div>\n<div class=\"tab-content\"><img fetchpriority=\"high\" decoding=\"async\" class=\"alignnone size-full wp-image-4727\" src=\"https:\/\/poderegiodo.it\/wp-content\/uploads\/2022\/09\/Raccolta-differenziata-ok.jpg\" alt=\"\" width=\"1284\" height=\"242\" srcset=\"https:\/\/poderegiodo.it\/wp-content\/uploads\/2022\/09\/Raccolta-differenziata-ok.jpg 1284w, https:\/\/poderegiodo.it\/wp-content\/uploads\/2022\/09\/Raccolta-differenziata-ok-768x145.jpg 768w\" sizes=\"(max-width: 1284px) 100vw, 1284px\" \/><\/div>\n<\/div>\n<\/div>\n<\/div>\n<\/div>\n","protected":false},"featured_media":5354,"template":"","meta":[],"product_brand":[],"product_cat":[159],"product_tag":[157,158,163,156,155],"class_list":{"0":"post-5350","1":"product","2":"type-product","3":"status-publish","4":"has-post-thumbnail","6":"product_cat-weine-von-montalcino","7":"product_tag-brunello-di-montalcino-de","8":"product_tag-montalcino-de","9":"product_tag-pretto","10":"product_tag-toskana","11":"product_tag-weine","13":"first","14":"instock","15":"shipping-taxable","16":"product-type-simple"},"_links":{"self":[{"href":"https:\/\/poderegiodo.it\/de\/wp-json\/wp\/v2\/product\/5350","targetHints":{"allow":["GET"]}}],"collection":[{"href":"https:\/\/poderegiodo.it\/de\/wp-json\/wp\/v2\/product"}],"about":[{"href":"https:\/\/poderegiodo.it\/de\/wp-json\/wp\/v2\/types\/product"}],"wp:featuredmedia":[{"embeddable":true,"href":"https:\/\/poderegiodo.it\/de\/wp-json\/wp\/v2\/media\/5354"}],"wp:attachment":[{"href":"https:\/\/poderegiodo.it\/de\/wp-json\/wp\/v2\/media?parent=5350"}],"wp:term":[{"taxonomy":"product_brand","embeddable":true,"href":"https:\/\/poderegiodo.it\/de\/wp-json\/wp\/v2\/product_brand?post=5350"},{"taxonomy":"product_cat","embeddable":true,"href":"https:\/\/poderegiodo.it\/de\/wp-json\/wp\/v2\/product_cat?post=5350"},{"taxonomy":"product_tag","embeddable":true,"href":"https:\/\/poderegiodo.it\/de\/wp-json\/wp\/v2\/product_tag?post=5350"}],"curies":[{"name":"wp","href":"https:\/\/api.w.org\/{rel}","templated":true}]}}