{"id":5356,"date":"2026-04-28T13:52:06","date_gmt":"2026-04-28T13:52:06","guid":{"rendered":"https:\/\/poderegiodo.it\/?post_type=product&#038;p=5356"},"modified":"2026-04-28T13:58:29","modified_gmt":"2026-04-28T13:58:29","slug":"giodo-rosso-di-montalcino","status":"publish","type":"product","link":"https:\/\/poderegiodo.it\/de\/produkt\/giodo-rosso-di-montalcino\/","title":{"rendered":"Giodo Rosso di Montalcino"},"content":{"rendered":"","protected":false},"excerpt":{"rendered":"<h4>Giodo Rosso di Montalcino<\/h4>\n<p><em>Die neueste Erg\u00e4nzung der Giodo-Familie ist der Rosso di Montalcino.<\/em><\/p>\n<p>Die Vinifizierung erfolgt in Edelstahltanks, der Ausbau f\u00fcr etwa 12 Monate teils in Holzf\u00e4ssern, teils in Cocciopesto-Amphoren, gefolgt von der Reifung in Betontanks. Anschlie\u00dfend reift er etwa 6 Monate in der Flasche.<\/p>\n<p><em>Das Etikett zeigt viele junge Sangiovese, die ausgelassen tanzen \u2013 ein Bild von Frische und Lebensfreude.<\/em><\/p>\n<p>&nbsp;<\/p>\n<div class=\"la-wc-tabs-wrapper\" style=\"display: none;\">\n<div class=\"wc-tabs-outer clearfix\">\n<div class=\"woocommerce-tabs wc-tabs-wrapper\">\n<ul class=\"tabs wc-tabs\" role=\"tablist\">\n<li id=\"tab-title-lasf_tab_0\" class=\"lasf_tab_0_tab active\" role=\"tab\" aria-controls=\"tab-lasf_tab_0\"><a href=\"#tab-lasf_tab_0\">Scheda Tecnica<\/a><\/li>\n<li id=\"tab-title-lasf_tab_1\" class=\"lasf_tab_1_tab\" role=\"tab\" aria-controls=\"tab-lasf_tab_1\"><a href=\"#tab-lasf_tab_1\">Download<\/a><\/li>\n<\/ul>\n<div id=\"tab-lasf_tab_1\" class=\" clearfix woocommerce-Tabs-panel woocommerce-Tabs-panel--lasf_tab_1 panel entry-content wc-tab\" style=\"display: none;\" role=\"tabpanel\" aria-labelledby=\"tab-title-lasf_tab_1\">\n<div class=\"wc-tab-title\"><a href=\"#tab-lasf_tab_1\">RACCOLTA DIFFERENZIATA<\/a><\/div>\n<div class=\"tab-content\"><img fetchpriority=\"high\" decoding=\"async\" class=\"alignnone size-full wp-image-4727\" src=\"https:\/\/poderegiodo.it\/wp-content\/uploads\/2022\/09\/Raccolta-differenziata-ok.jpg\" alt=\"\" width=\"1284\" height=\"242\" srcset=\"https:\/\/poderegiodo.it\/wp-content\/uploads\/2022\/09\/Raccolta-differenziata-ok.jpg 1284w, https:\/\/poderegiodo.it\/wp-content\/uploads\/2022\/09\/Raccolta-differenziata-ok-768x145.jpg 768w\" sizes=\"(max-width: 1284px) 100vw, 1284px\" \/><\/div>\n<\/div>\n<\/div>\n<\/div>\n<\/div>\n","protected":false},"featured_media":5360,"template":"","meta":[],"product_brand":[],"product_cat":[159],"product_tag":[158,166,156,155],"class_list":{"0":"post-5356","1":"product","2":"type-product","3":"status-publish","4":"has-post-thumbnail","6":"product_cat-weine-von-montalcino","7":"product_tag-montalcino-de","8":"product_tag-rosso-di-montalcino","9":"product_tag-toskana","10":"product_tag-weine","12":"first","13":"instock","14":"shipping-taxable","15":"product-type-simple"},"_links":{"self":[{"href":"https:\/\/poderegiodo.it\/de\/wp-json\/wp\/v2\/product\/5356","targetHints":{"allow":["GET"]}}],"collection":[{"href":"https:\/\/poderegiodo.it\/de\/wp-json\/wp\/v2\/product"}],"about":[{"href":"https:\/\/poderegiodo.it\/de\/wp-json\/wp\/v2\/types\/product"}],"wp:featuredmedia":[{"embeddable":true,"href":"https:\/\/poderegiodo.it\/de\/wp-json\/wp\/v2\/media\/5360"}],"wp:attachment":[{"href":"https:\/\/poderegiodo.it\/de\/wp-json\/wp\/v2\/media?parent=5356"}],"wp:term":[{"taxonomy":"product_brand","embeddable":true,"href":"https:\/\/poderegiodo.it\/de\/wp-json\/wp\/v2\/product_brand?post=5356"},{"taxonomy":"product_cat","embeddable":true,"href":"https:\/\/poderegiodo.it\/de\/wp-json\/wp\/v2\/product_cat?post=5356"},{"taxonomy":"product_tag","embeddable":true,"href":"https:\/\/poderegiodo.it\/de\/wp-json\/wp\/v2\/product_tag?post=5356"}],"curies":[{"name":"wp","href":"https:\/\/api.w.org\/{rel}","templated":true}]}}